{"id":1425,"date":"2025-07-23T19:16:05","date_gmt":"2025-07-23T19:16:05","guid":{"rendered":"https:\/\/guiabytes.com\/?page_id=1425"},"modified":"2025-08-01T19:13:54","modified_gmt":"2025-08-01T19:13:54","slug":"mision","status":"publish","type":"page","link":"https:\/\/guiabytes.com\/en\/mision\/","title":{"rendered":"Misi\u00f3n"},"content":{"rendered":"<div data-elementor-type=\"wp-page\" data-elementor-id=\"1425\" class=\"elementor elementor-1425\">\n\t\t\t\t<div class=\"elementor-element elementor-element-a204e4f e-con-full e-flex e-con e-parent\" data-id=\"a204e4f\" data-element_type=\"container\" data-e-type=\"container\">\n\t\t<div class=\"elementor-element elementor-element-871fb27 e-con-full e-flex e-con e-child\" data-id=\"871fb27\" data-element_type=\"container\" data-e-type=\"container\">\n\t\t\t\t<div class=\"elementor-element elementor-element-e46ec1e elementor-widget elementor-widget-heading\" data-id=\"e46ec1e\" data-element_type=\"widget\" data-e-type=\"widget\" data-widget_type=\"heading.default\">\n\t\t\t\t\t<h2 class=\"elementor-heading-title elementor-size-default\">Nuestra Misi\u00f3n <\/h2>\t\t\t\t<\/div>\n\t\t<div class=\"elementor-element elementor-element-1b341ed e-con-full e-flex e-con e-child\" data-id=\"1b341ed\" data-element_type=\"container\" data-e-type=\"container\">\n\t\t\t\t<div class=\"elementor-element elementor-element-bd5170f elementor-widget elementor-widget-text-editor\" data-id=\"bd5170f\" data-element_type=\"widget\" data-e-type=\"widget\" data-widget_type=\"text-editor.default\">\n\t\t\t\t\t\t\t\t\t<p>Guiabyte es una empresa innovadora que fusiona turismo y tecnolog\u00eda para ofrecer experiencias \u00fanicas y personalizadas a viajeros alrededor del mundo. Nos especializamos en el desarrollo de soluciones digitales avanzadas, como plataformas de reservas inteligentes, sistemas de recorridos inclusivos para destinos tur\u00edsticos y sistemas de gesti\u00f3n de viajes, con el objetivo de simplificar, enriquecer y revolucionar la forma en que las personas exploran el mundo.<\/p>\t\t\t\t\t\t\t\t<\/div>\n\t\t\t\t<\/div>\n\t\t\t\t<\/div>\n\t\t<div class=\"elementor-element elementor-element-18c36c4 e-con-full e-flex e-con e-child\" data-id=\"18c36c4\" data-element_type=\"container\" data-e-type=\"container\">\n\t\t\t\t<div class=\"elementor-element elementor-element-ed20568 elementor-widget elementor-widget-image\" data-id=\"ed20568\" data-element_type=\"widget\" data-e-type=\"widget\" data-widget_type=\"image.default\">\n\t\t\t\t\t\t\t\t\t\t\t\t\t\t\t<img fetchpriority=\"high\" decoding=\"async\" width=\"640\" height=\"427\" src=\"https:\/\/guiabytes.com\/wp-content\/uploads\/2020\/09\/mission-2.jpg\" class=\"attachment-large size-large wp-image-63\" alt=\"\" srcset=\"https:\/\/guiabytes.com\/wp-content\/uploads\/2020\/09\/mission-2.jpg 800w, https:\/\/guiabytes.com\/wp-content\/uploads\/2020\/09\/mission-2-300x200.jpg 300w, https:\/\/guiabytes.com\/wp-content\/uploads\/2020\/09\/mission-2-600x401.jpg 600w, https:\/\/guiabytes.com\/wp-content\/uploads\/2020\/09\/mission-2-768x513.jpg 768w\" sizes=\"(max-width: 640px) 100vw, 640px\" \/>\t\t\t\t\t\t\t\t\t\t\t\t\t\t\t<\/div>\n\t\t\t\t<\/div>\n\t\t\t\t<\/div>\n\t\t\t\t<\/div>","protected":false},"excerpt":{"rendered":"<p>Nuestra Misi\u00f3n Guiabyte es una empresa innovadora que fusiona turismo y tecnolog\u00eda para ofrecer experiencias \u00fanicas y personalizadas a viajeros alrededor del mundo. Nos especializamos en el desarrollo de soluciones digitales avanzadas, como plataformas de reservas inteligentes, sistemas de recorridos inclusivos para destinos tur\u00edsticos y sistemas de gesti\u00f3n de viajes, con el objetivo de simplificar,<\/p>","protected":false},"author":1,"featured_media":38,"parent":0,"menu_order":0,"comment_status":"closed","ping_status":"closed","template":"","meta":{"_uag_custom_page_level_css":"","solace_meta_sidebar":"","solace_meta_container":"","solace_meta_enable_content_width":"","solace_meta_content_width":0,"solace_meta_title_alignment":"","solace_meta_author_avatar":"","solace_post_elements_order":"","solace_meta_disable_header":"","solace_meta_disable_footer":"","solace_meta_disable_title":"","_joinchat":[],"footnotes":""},"class_list":["post-1425","page","type-page","status-publish","has-post-thumbnail","hentry"],"aioseo_notices":[],"uagb_featured_image_src":{"full":["https:\/\/guiabytes.com\/wp-content\/uploads\/2020\/09\/walking-v1.jpg",644,402,false],"thumbnail":["https:\/\/guiabytes.com\/wp-content\/uploads\/2020\/09\/walking-v1-150x150.jpg",150,150,true],"medium":["https:\/\/guiabytes.com\/wp-content\/uploads\/2020\/09\/walking-v1-300x300.jpg",300,300,true],"medium_large":["https:\/\/guiabytes.com\/wp-content\/uploads\/2020\/09\/walking-v1.jpg",640,400,false],"large":["https:\/\/guiabytes.com\/wp-content\/uploads\/2020\/09\/walking-v1.jpg",640,400,false],"1536x1536":["https:\/\/guiabytes.com\/wp-content\/uploads\/2020\/09\/walking-v1.jpg",644,402,false],"2048x2048":["https:\/\/guiabytes.com\/wp-content\/uploads\/2020\/09\/walking-v1.jpg",644,402,false],"trp-custom-language-flag":["https:\/\/guiabytes.com\/wp-content\/uploads\/2020\/09\/walking-v1.jpg",18,12,false],"solace-single2":["https:\/\/guiabytes.com\/wp-content\/uploads\/2020\/09\/walking-v1.jpg",644,402,false],"solace-single-default":["https:\/\/guiabytes.com\/wp-content\/uploads\/2020\/09\/walking-v1.jpg",644,402,false],"solace-default-blog":["https:\/\/guiabytes.com\/wp-content\/uploads\/2020\/09\/walking-v1.jpg",644,402,false],"solace-related-posts":["https:\/\/guiabytes.com\/wp-content\/uploads\/2020\/09\/walking-v1-250x277.jpg",250,277,true],"solace-wc-shop-layout3-layout4-layout6":["https:\/\/guiabytes.com\/wp-content\/uploads\/2020\/09\/walking-v1-350x402.jpg",350,402,true],"solace-blog":["https:\/\/guiabytes.com\/wp-content\/uploads\/2020\/09\/walking-v1.jpg",644,402,false],"woocommerce_thumbnail":["https:\/\/guiabytes.com\/wp-content\/uploads\/2020\/09\/walking-v1-300x300.jpg",300,300,true],"woocommerce_single":["https:\/\/guiabytes.com\/wp-content\/uploads\/2020\/09\/walking-v1-600x375.jpg",600,375,true],"woocommerce_gallery_thumbnail":["https:\/\/guiabytes.com\/wp-content\/uploads\/2020\/09\/walking-v1-300x187.jpg",300,187,true]},"uagb_author_info":{"display_name":"fabiobellorestrepo@gmail.com","author_link":"https:\/\/guiabytes.com\/en\/author\/fabiobellorestrepogmail-com\/"},"uagb_comment_info":0,"uagb_excerpt":"Nuestra Misi\u00f3n Guiabyte es una empresa innovadora que fusiona turismo y tecnolog\u00eda para ofrecer experiencias \u00fanicas y personalizadas a viajeros alrededor del mundo. Nos especializamos en el desarrollo de soluciones digitales avanzadas, como plataformas de reservas inteligentes, sistemas de recorridos inclusivos para destinos tur\u00edsticos y sistemas de gesti\u00f3n de viajes, con el objetivo de simplificar,","_links":{"self":[{"href":"https:\/\/guiabytes.com\/en\/wp-json\/wp\/v2\/pages\/1425","targetHints":{"allow":["GET"]}}],"collection":[{"href":"https:\/\/guiabytes.com\/en\/wp-json\/wp\/v2\/pages"}],"about":[{"href":"https:\/\/guiabytes.com\/en\/wp-json\/wp\/v2\/types\/page"}],"author":[{"embeddable":true,"href":"https:\/\/guiabytes.com\/en\/wp-json\/wp\/v2\/users\/1"}],"replies":[{"embeddable":true,"href":"https:\/\/guiabytes.com\/en\/wp-json\/wp\/v2\/comments?post=1425"}],"version-history":[{"count":10,"href":"https:\/\/guiabytes.com\/en\/wp-json\/wp\/v2\/pages\/1425\/revisions"}],"predecessor-version":[{"id":1449,"href":"https:\/\/guiabytes.com\/en\/wp-json\/wp\/v2\/pages\/1425\/revisions\/1449"}],"wp:featuredmedia":[{"embeddable":true,"href":"https:\/\/guiabytes.com\/en\/wp-json\/wp\/v2\/media\/38"}],"wp:attachment":[{"href":"https:\/\/guiabytes.com\/en\/wp-json\/wp\/v2\/media?parent=1425"}],"curies":[{"name":"wp","href":"https:\/\/api.w.org\/{rel}","templated":true}]}}