{"id":1574,"date":"2025-08-01T19:21:35","date_gmt":"2025-08-01T19:21:35","guid":{"rendered":"https:\/\/guiabytes.com\/testimonials-2\/"},"modified":"2025-09-02T15:07:27","modified_gmt":"2025-09-02T15:07:27","slug":"testimonials-2","status":"publish","type":"page","link":"https:\/\/guiabytes.com\/en\/testimonials-2\/","title":{"rendered":"Testimonials"},"content":{"rendered":"\t\t<div data-elementor-type=\"wp-page\" data-elementor-id=\"1574\" class=\"elementor elementor-1574\">\n\t\t\t\t<div class=\"elementor-element elementor-element-f37af8e e-con-full e-flex e-con e-parent\" data-id=\"f37af8e\" data-element_type=\"container\" data-e-type=\"container\" data-settings=\"{&quot;background_background&quot;:&quot;classic&quot;}\">\n\t\t<div class=\"elementor-element elementor-element-4c8c502 e-con-full e-flex e-con e-child\" data-id=\"4c8c502\" data-element_type=\"container\" data-e-type=\"container\">\n\t\t\t\t<div class=\"elementor-element elementor-element-7782905c elementor-icon-list--layout-inline elementor-align-center elementor-list-item-link-full_width elementor-widget elementor-widget-icon-list\" data-id=\"7782905c\" data-element_type=\"widget\" data-e-type=\"widget\" data-widget_type=\"icon-list.default\">\n\t\t\t\t\t\t\t<ul class=\"elementor-icon-list-items elementor-inline-items\">\n\t\t\t\t\t\t\t<li class=\"elementor-icon-list-item elementor-inline-item\">\n\t\t\t\t\t\t\t\t\t\t<span class=\"elementor-icon-list-text\">Home<\/span>\n\t\t\t\t\t\t\t\t\t<\/li>\n\t\t\t\t\t\t\t\t<li class=\"elementor-icon-list-item elementor-inline-item\">\n\t\t\t\t\t\t\t\t\t\t\t<span class=\"elementor-icon-list-icon\">\n\t\t\t\t\t\t\t<svg aria-hidden=\"true\" class=\"e-font-icon-svg e-fas-chevron-right\" viewBox=\"0 0 320 512\" xmlns=\"http:\/\/www.w3.org\/2000\/svg\"><path d=\"M285.476 272.971L91.132 467.314c-9.373 9.373-24.569 9.373-33.941 0l-22.667-22.667c-9.357-9.357-9.375-24.522-.04-33.901L188.505 256 34.484 101.255c-9.335-9.379-9.317-24.544.04-33.901l22.667-22.667c9.373-9.373 24.569-9.373 33.941 0L285.475 239.03c9.373 9.372 9.373 24.568.001 33.941z\"><\/path><\/svg>\t\t\t\t\t\t<\/span>\n\t\t\t\t\t\t\t\t\t\t<span class=\"elementor-icon-list-text\">Testimonials<\/span>\n\t\t\t\t\t\t\t\t\t<\/li>\n\t\t\t\t\t\t<\/ul>\n\t\t\t\t\t\t<\/div>\n\t\t\t\t<div class=\"elementor-element elementor-element-1646713b elementor-widget__width-inherit elementor-widget-mobile__width-inherit elementor-widget elementor-widget-heading\" data-id=\"1646713b\" data-element_type=\"widget\" data-e-type=\"widget\" data-widget_type=\"heading.default\">\n\t\t\t\t\t<h1 class=\"elementor-heading-title elementor-size-default\">Testimonios <\/h1>\t\t\t\t<\/div>\n\t\t\t\t<div class=\"elementor-element elementor-element-2e13c68e elementor-widget__width-initial elementor-widget-mobile__width-inherit elementor-widget elementor-widget-text-editor\" data-id=\"2e13c68e\" data-element_type=\"widget\" data-e-type=\"widget\" data-widget_type=\"text-editor.default\">\n\t\t\t\t\t\t\t\t\t<h2 class=\"elementor-heading-title elementor-size-default\">Clientes satisfechos son nuestra mejor publicidad<\/h2>\t\t\t\t\t\t\t\t<\/div>\n\t\t\t\t<\/div>\n\t\t\t\t<\/div>\n\t\t<div class=\"elementor-element elementor-element-54ae334c e-flex e-con-boxed e-con e-parent\" data-id=\"54ae334c\" data-element_type=\"container\" data-e-type=\"container\" data-settings=\"{&quot;background_background&quot;:&quot;classic&quot;}\">\n\t\t\t\t\t<div class=\"e-con-inner\">\n\t\t<div class=\"elementor-element elementor-element-80215d5 e-flex e-con-boxed e-con e-child\" data-id=\"80215d5\" data-element_type=\"container\" data-e-type=\"container\">\n\t\t\t\t\t<div class=\"e-con-inner\">\n\t\t<div class=\"elementor-element elementor-element-678abaa2 e-flex e-con-boxed e-con e-child\" data-id=\"678abaa2\" data-element_type=\"container\" data-e-type=\"container\">\n\t\t\t\t\t<div class=\"e-con-inner\">\n\t\t<div class=\"elementor-element elementor-element-7215a993 e-con-full e-flex e-con e-child\" data-id=\"7215a993\" data-element_type=\"container\" data-e-type=\"container\">\n\t\t\t\t<div class=\"elementor-element elementor-element-363bf8cf elementor-widget elementor-widget-heading\" data-id=\"363bf8cf\" data-element_type=\"widget\" data-e-type=\"widget\" data-widget_type=\"heading.default\">\n\t\t\t\t\t<h6 class=\"elementor-heading-title elementor-size-default\"><b>Nuestros los revi<\/b>ews<\/h6>\t\t\t\t<\/div>\n\t\t\t\t<div class=\"elementor-element elementor-element-7913ebfe elementor-widget elementor-widget-heading\" data-id=\"7913ebfe\" data-element_type=\"widget\" data-e-type=\"widget\" data-widget_type=\"heading.default\">\n\t\t\t\t\t<h2 class=\"elementor-heading-title elementor-size-default\">Testimonio de evaluaci\u00f3n de nuestros Clientes<\/h2>\t\t\t\t<\/div>\n\t\t\t\t<div class=\"elementor-element elementor-element-7dea422d elementor-widget__width-initial elementor-widget-mobile__width-inherit elementor-widget elementor-widget-text-editor\" data-id=\"7dea422d\" data-element_type=\"widget\" data-e-type=\"widget\" data-widget_type=\"text-editor.default\">\n\t\t\t\t\t\t\t\t\t<div class=\"flex flex-grow flex-col max-w-full\"><div class=\"min-h-[20px] text-message flex flex-col items-start whitespace-pre-wrap break-words [.text-message+&amp;]:mt-5 juice:w-full juice:items-end overflow-x-auto gap-2\" dir=\"auto\" data-message-author-role=\"assistant\" data-message-id=\"cdcebce7-3550-4ae3-a676-de48ff5a7d9a\"><div class=\"flex w-full flex-col gap-1 juice:empty:hidden juice:first:pt-[3px]\"><div class=\"markdown prose w-full break-words dark:prose-invert light\"><p><strong>\u00a0\u00a1\u00danete a ellos y comprueba por qu\u00e9 nos recomiendan!<\/strong><\/p><\/div><\/div><\/div><\/div>\t\t\t\t\t\t\t\t<\/div>\n\t\t\t\t<\/div>\n\t\t\t\t\t<\/div>\n\t\t\t\t<\/div>\n\t\t<div class=\"elementor-element elementor-element-6b0e2343 e-con-full e-flex e-con e-child\" data-id=\"6b0e2343\" data-element_type=\"container\" data-e-type=\"container\" data-settings=\"{&quot;background_background&quot;:&quot;classic&quot;}\">\n\t\t\t\t<div class=\"elementor-element elementor-element-426b1c15 elementor-widget elementor-widget-text-editor\" data-id=\"426b1c15\" data-element_type=\"widget\" data-e-type=\"widget\" data-widget_type=\"text-editor.default\">\n\t\t\t\t\t\t\t\t\t<p><em>Guiabyte nos dio la tecnolog\u00eda que nuestro negocio requer\u00eda: innovadora y escalable.\u00a0 Su soporte t\u00e9cnico resuelve todo en minutos. Imprescindible para nuestra operaci\u00f3n diaria.<\/em><\/p>\t\t\t\t\t\t\t\t<\/div>\n\t\t\t\t<div class=\"elementor-element elementor-element-643e53a2 elementor-star-rating-mobile--align-center elementor--star-style-star_unicode elementor-widget elementor-widget-star-rating\" data-id=\"643e53a2\" data-element_type=\"widget\" data-e-type=\"widget\" data-widget_type=\"star-rating.default\">\n\t\t\t\t\t\t\t<div class=\"elementor-star-rating__wrapper\">\n\t\t\t\t\t\t<div class=\"elementor-star-rating\" itemtype=\"http:\/\/schema.org\/Rating\" itemscope=\"\" itemprop=\"reviewRating\">\n\t\t\t\t<i class=\"elementor-star-full\" aria-hidden=\"true\">&#9733;<\/i><i class=\"elementor-star-full\" aria-hidden=\"true\">&#9733;<\/i><i class=\"elementor-star-full\" aria-hidden=\"true\">&#9733;<\/i><i class=\"elementor-star-full\" aria-hidden=\"true\">&#9733;<\/i><i class=\"elementor-star-full\" aria-hidden=\"true\">&#9733;<\/i>\t\t\t\t<span itemprop=\"ratingValue\" class=\"elementor-screen-only\">Rated 5 out of 5<\/span>\n\t\t\t<\/div>\n\t\t<\/div>\n\t\t\t\t\t\t<\/div>\n\t\t\t\t<div class=\"elementor-element elementor-element-308e67c2 elementor-position-left elementor-vertical-align-middle elementor-widget elementor-widget-image-box\" data-id=\"308e67c2\" data-element_type=\"widget\" data-e-type=\"widget\" data-widget_type=\"image-box.default\">\n\t\t\t\t\t<div class=\"elementor-image-box-wrapper\"><figure class=\"elementor-image-box-img\"><img fetchpriority=\"high\" decoding=\"async\" width=\"1000\" height=\"1000\" src=\"https:\/\/guiabytes.com\/wp-content\/uploads\/2025\/08\/smiling-mature-businessman-standing-alone-in-an-of-Y89VGBD-1-1.jpg\" class=\"attachment-full size-full wp-image-1500\" alt=\"\" srcset=\"https:\/\/guiabytes.com\/wp-content\/uploads\/2025\/08\/smiling-mature-businessman-standing-alone-in-an-of-Y89VGBD-1-1.jpg 1000w, https:\/\/guiabytes.com\/wp-content\/uploads\/2025\/08\/smiling-mature-businessman-standing-alone-in-an-of-Y89VGBD-1-1-300x300.jpg 300w, https:\/\/guiabytes.com\/wp-content\/uploads\/2025\/08\/smiling-mature-businessman-standing-alone-in-an-of-Y89VGBD-1-1-600x600.jpg 600w, https:\/\/guiabytes.com\/wp-content\/uploads\/2025\/08\/smiling-mature-businessman-standing-alone-in-an-of-Y89VGBD-1-1-150x150.jpg 150w, https:\/\/guiabytes.com\/wp-content\/uploads\/2025\/08\/smiling-mature-businessman-standing-alone-in-an-of-Y89VGBD-1-1-768x768.jpg 768w\" sizes=\"(max-width: 1000px) 100vw, 1000px\" \/><\/figure><div class=\"elementor-image-box-content\"><h5 class=\"elementor-image-box-title\">Camilla P\u00e9rez<\/h5><p class=\"elementor-image-box-description\">Empresaria<\/p><\/div><\/div>\t\t\t\t<\/div>\n\t\t\t\t<\/div>\n\t\t<div class=\"elementor-element elementor-element-64bb154c e-con-full e-flex e-con e-child\" data-id=\"64bb154c\" data-element_type=\"container\" data-e-type=\"container\" data-settings=\"{&quot;background_background&quot;:&quot;classic&quot;}\">\n\t\t\t\t<div class=\"elementor-element elementor-element-60c43619 elementor-widget elementor-widget-text-editor\" data-id=\"60c43619\" data-element_type=\"widget\" data-e-type=\"widget\" data-widget_type=\"text-editor.default\">\n\t\t\t\t\t\t\t\t\t<div class=\"elementor-element elementor-element-83d62dd elementor-widget elementor-widget-text-editor\" data-id=\"83d62dd\" data-element_type=\"widget\" data-widget_type=\"text-editor.default\"><div class=\"elementor-widget-container\"><p><strong>Viajar con Guiabyte fue una experiencia \u00fanica. Desde la planificaci\u00f3n hasta el regreso, todo fue perfecto: itinerarios a medida, gu\u00edas expertos y momentos aut\u00e9nticos\u00a0<\/strong><\/p><\/div><\/div>\t\t\t\t\t\t\t\t<\/div>\n\t\t\t\t<div class=\"elementor-element elementor-element-70d1312d elementor-star-rating-mobile--align-center elementor--star-style-star_unicode elementor-widget elementor-widget-star-rating\" data-id=\"70d1312d\" data-element_type=\"widget\" data-e-type=\"widget\" data-widget_type=\"star-rating.default\">\n\t\t\t\t\t\t\t<div class=\"elementor-star-rating__wrapper\">\n\t\t\t\t\t\t<div class=\"elementor-star-rating\" itemtype=\"http:\/\/schema.org\/Rating\" itemscope=\"\" itemprop=\"reviewRating\">\n\t\t\t\t<i class=\"elementor-star-full\" aria-hidden=\"true\">&#9733;<\/i><i class=\"elementor-star-full\" aria-hidden=\"true\">&#9733;<\/i><i class=\"elementor-star-full\" aria-hidden=\"true\">&#9733;<\/i><i class=\"elementor-star-full\" aria-hidden=\"true\">&#9733;<\/i><i class=\"elementor-star-full\" aria-hidden=\"true\">&#9733;<\/i>\t\t\t\t<span itemprop=\"ratingValue\" class=\"elementor-screen-only\">Rated 5 out of 5<\/span>\n\t\t\t<\/div>\n\t\t<\/div>\n\t\t\t\t\t\t<\/div>\n\t\t\t\t<div class=\"elementor-element elementor-element-77362310 elementor-position-left elementor-vertical-align-middle elementor-widget elementor-widget-image-box\" data-id=\"77362310\" data-element_type=\"widget\" data-e-type=\"widget\" data-widget_type=\"image-box.default\">\n\t\t\t\t\t<div class=\"elementor-image-box-wrapper\"><figure class=\"elementor-image-box-img\"><img decoding=\"async\" width=\"1000\" height=\"1000\" src=\"https:\/\/guiabytes.com\/wp-content\/uploads\/2025\/08\/portrait-of-business-man-FKN9CNT-1-1.jpg\" class=\"attachment-full size-full wp-image-1501\" alt=\"\" srcset=\"https:\/\/guiabytes.com\/wp-content\/uploads\/2025\/08\/portrait-of-business-man-FKN9CNT-1-1.jpg 1000w, https:\/\/guiabytes.com\/wp-content\/uploads\/2025\/08\/portrait-of-business-man-FKN9CNT-1-1-300x300.jpg 300w, https:\/\/guiabytes.com\/wp-content\/uploads\/2025\/08\/portrait-of-business-man-FKN9CNT-1-1-600x600.jpg 600w, https:\/\/guiabytes.com\/wp-content\/uploads\/2025\/08\/portrait-of-business-man-FKN9CNT-1-1-150x150.jpg 150w, https:\/\/guiabytes.com\/wp-content\/uploads\/2025\/08\/portrait-of-business-man-FKN9CNT-1-1-768x768.jpg 768w\" sizes=\"(max-width: 1000px) 100vw, 1000px\" \/><\/figure><div class=\"elementor-image-box-content\"><h5 class=\"elementor-image-box-title\">Andres Prada<\/h5><p class=\"elementor-image-box-description\">Turista<\/p><\/div><\/div>\t\t\t\t<\/div>\n\t\t\t\t<\/div>\n\t\t<div class=\"elementor-element elementor-element-669edc86 e-con-full e-flex e-con e-child\" data-id=\"669edc86\" data-element_type=\"container\" data-e-type=\"container\" data-settings=\"{&quot;background_background&quot;:&quot;classic&quot;}\">\n\t\t\t\t<div class=\"elementor-element elementor-element-72d568fe elementor-widget elementor-widget-text-editor\" data-id=\"72d568fe\" data-element_type=\"widget\" data-e-type=\"widget\" data-widget_type=\"text-editor.default\">\n\t\t\t\t\t\t\t\t\t<p>La traducci\u00f3n en tiempo real es m\u00e1gica. Conversaciones fluidas con locales en mi \u00faltimo viaje. Funciona perfectamente, todo lo que necesitas para conectar con personas mundialmente.<\/p>\t\t\t\t\t\t\t\t<\/div>\n\t\t\t\t<div class=\"elementor-element elementor-element-3cf8f325 elementor-star-rating-mobile--align-center elementor--star-style-star_unicode elementor-widget elementor-widget-star-rating\" data-id=\"3cf8f325\" data-element_type=\"widget\" data-e-type=\"widget\" data-widget_type=\"star-rating.default\">\n\t\t\t\t\t\t\t<div class=\"elementor-star-rating__wrapper\">\n\t\t\t\t\t\t<div class=\"elementor-star-rating\" itemtype=\"http:\/\/schema.org\/Rating\" itemscope=\"\" itemprop=\"reviewRating\">\n\t\t\t\t<i class=\"elementor-star-full\" aria-hidden=\"true\">&#9733;<\/i><i class=\"elementor-star-full\" aria-hidden=\"true\">&#9733;<\/i><i class=\"elementor-star-full\" aria-hidden=\"true\">&#9733;<\/i><i class=\"elementor-star-full\" aria-hidden=\"true\">&#9733;<\/i><i class=\"elementor-star-full\" aria-hidden=\"true\">&#9733;<\/i>\t\t\t\t<span itemprop=\"ratingValue\" class=\"elementor-screen-only\">Rated 5 out of 5<\/span>\n\t\t\t<\/div>\n\t\t<\/div>\n\t\t\t\t\t\t<\/div>\n\t\t\t\t<div class=\"elementor-element elementor-element-fb6a97c elementor-position-left elementor-vertical-align-middle elementor-widget elementor-widget-image-box\" data-id=\"fb6a97c\" data-element_type=\"widget\" data-e-type=\"widget\" data-widget_type=\"image-box.default\">\n\t\t\t\t\t<div class=\"elementor-image-box-wrapper\"><figure class=\"elementor-image-box-img\"><img decoding=\"async\" width=\"1197\" height=\"1182\" src=\"https:\/\/guiabytes.com\/wp-content\/uploads\/2025\/08\/happy-african-man-smiling-at-camera-inside-ba-1.jpg\" class=\"attachment-full size-full wp-image-1504\" alt=\"\" srcset=\"https:\/\/guiabytes.com\/wp-content\/uploads\/2025\/08\/happy-african-man-smiling-at-camera-inside-ba-1.jpg 1197w, https:\/\/guiabytes.com\/wp-content\/uploads\/2025\/08\/happy-african-man-smiling-at-camera-inside-ba-1-300x296.jpg 300w, https:\/\/guiabytes.com\/wp-content\/uploads\/2025\/08\/happy-african-man-smiling-at-camera-inside-ba-1-600x592.jpg 600w, https:\/\/guiabytes.com\/wp-content\/uploads\/2025\/08\/happy-african-man-smiling-at-camera-inside-ba-1-768x758.jpg 768w\" sizes=\"(max-width: 1197px) 100vw, 1197px\" \/><\/figure><div class=\"elementor-image-box-content\"><h5 class=\"elementor-image-box-title\">Bailey Johnson<\/h5><p class=\"elementor-image-box-description\">Robotics enthusiast<\/p><\/div><\/div>\t\t\t\t<\/div>\n\t\t\t\t<\/div>\n\t\t\t\t\t<\/div>\n\t\t\t\t<\/div>\n\t\t\t\t\t<\/div>\n\t\t\t\t<\/div>\n\t\t<div class=\"elementor-element elementor-element-216c01de e-flex e-con-boxed e-con e-parent\" data-id=\"216c01de\" data-element_type=\"container\" data-e-type=\"container\" data-settings=\"{&quot;background_background&quot;:&quot;classic&quot;}\">\n\t\t\t\t\t<div class=\"e-con-inner\">\n\t\t<div class=\"elementor-element elementor-element-1c5963b5 e-con-full e-flex e-con e-child\" data-id=\"1c5963b5\" data-element_type=\"container\" data-e-type=\"container\">\n\t\t<div class=\"elementor-element elementor-element-17b3d883 e-con-full e-flex e-con e-child\" data-id=\"17b3d883\" data-element_type=\"container\" data-e-type=\"container\">\n\t\t\t\t<div class=\"elementor-element elementor-element-22b5a30f elementor-widget elementor-widget-heading\" data-id=\"22b5a30f\" data-element_type=\"widget\" data-e-type=\"widget\" data-widget_type=\"heading.default\">\n\t\t\t\t\t<div class=\"elementor-heading-title elementor-size-default\">Tus opiniones son importantes para nosotros<\/div>\t\t\t\t<\/div>\n\t\t\t\t<div class=\"elementor-element elementor-element-42c1660d elementor-widget elementor-widget-heading\" data-id=\"42c1660d\" data-element_type=\"widget\" data-e-type=\"widget\" data-widget_type=\"heading.default\">\n\t\t\t\t\t<h2 class=\"elementor-heading-title elementor-size-default\">\u00a0\u00a1\u00danete a ellos y comprueba por qu\u00e9 nos recomiendan!<\/h2>\t\t\t\t<\/div>\n\t\t\t\t<div class=\"elementor-element elementor-element-392a4a06 elementor-widget__width-inherit elementor-widget-mobile__width-inherit elementor-widget elementor-widget-text-editor\" data-id=\"392a4a06\" data-element_type=\"widget\" data-e-type=\"widget\" data-widget_type=\"text-editor.default\">\n\t\t\t\t\t\t\t\t\t<p>Deja tus comentarios\u00a0<\/p>\t\t\t\t\t\t\t\t<\/div>\n\t\t\t\t<\/div>\n\t\t\t\t<\/div>\n\t\t\t\t<div class=\"elementor-element elementor-element-8de7843 elementor-widget elementor-widget-solaceform\" data-id=\"8de7843\" data-element_type=\"widget\" data-e-type=\"widget\" data-widget_type=\"solaceform.default\">\n\t\t\t\t<div class=\"elementor-widget-container\">\n\t\t\t\t\t<style>.elementor-element-8de7843 input.solaceform-style-field,.elementor-element-8de7843 textarea.solaceform-style-field,.elementor-element-8de7843 select.solaceform-style-field,.elementor-element-8de7843 .solaceform-field-group input,.elementor-element-8de7843 .solaceform-field-group textarea,.elementor-element-8de7843 .solaceform-field-group select { border-style: none;border-width: 3px 3px 3px 3px;border-color: #FF0000F7; }<\/style>\n\t\t<form class=\"solaceform-form\" method=\"post\" data-post_id=\"1574\" data-el_id=\"8de7843\" enctype=\"multipart\/form-data\">\n\t\t<div class=\"solaceform-fields elementor-repeater-item-12002c5 efb-field-width-50 efb-field-width-tablet- efb-field-width-mobile-\">\t\t\t\t<label>Nombre<\/label>\n\t\t\t\t\t\t<input\n\t\t\t\t\t\t\t\t\t\tname=\"name\"\n\t\t\t\t\t\t\t\t\t\t\t\t\tget_label=\"Nombre\"\n\t\t\t\t\t\t\t\ttype=\"text\"\n\t\t\t\tclass=\" solaceform-style-field\"\n\t\t\t\tplaceholder=\"Ingrese su nombre y apellido\"\n\t\t\t\t\t\t\t\t\t\taccept=&quot;&quot;\t\t\t>\n\t\t<\/div><div class=\"solaceform-fields elementor-repeater-item-fd4ce02 efb-field-width-50 efb-field-width-tablet- efb-field-width-mobile-\">\t\t\t\t<label>Email<\/label>\n\t\t\t\t\t\t<input\n\t\t\t\t\t\t\t\t\t\tname=\"email\"\n\t\t\t\t\t\t\t\t\t\t\t\t\tget_label=\"Email\"\n\t\t\t\t\t\t\t\ttype=\"email\"\n\t\t\t\tclass=\" solaceform-style-field\"\n\t\t\t\tplaceholder=\"Ingrese su correo electronico\"\n\t\t\t\t\t\t\t\t\t\taccept=&quot;&quot;\t\t\t>\n\t\t<\/div><div class=\"solaceform-fields elementor-repeater-item-4ac22c7 efb-field-width-100 efb-field-width-tablet- efb-field-width-mobile-\">\t\t\t\t<label>Mensaje<\/label>\n\t\t\t\t\t\t<textarea\n\t\t\t\tname=\"msg\"\n\t\t\t\tclass=\" solaceform-style-field\"\n\t\t\t\trows=\"4\"\n\t\t\t\tplaceholder=\"Ingrese su mensaje\"\n\t\t\t\t\t\t\tget_label=\"Mensaje\"\n\t\t\t\t\t\t\t\t\t\t><\/textarea>\n\t\t<\/div>\t\t\t<div style=\"display: inline-block;\" class=\"solaceform-form-button-wrap efb-field-width-33 efb-field-width-tablet-33 efb-field-width-mobile-33\" >\n\t\t\t\t<div class=\"box-button\">\n\t\t\t\t\t\t\t\t\t\t\t<button class=\" elementor-button solaceform-form-button \" type=\"submit\">\n\t\t\t\t\t\t\t\t\t\t\t\t\t\t\t\t\t\t\t\t\t\t\t\t\t\t\t\t\t\tEnviar\t\t\t\t\t\t\t\t\t\t\t\t<div class=\"solace-spinner\"><\/div>\n\t\t\t\t\t<\/button>\n\t\t\t\t<\/div>\n\t\t\t\t<div class=\"solaceform-form-msg\" style=\"display: none;\"><span><\/span><\/div>\n\t\t\t<\/div>\n\t\t\n\t\t<\/form>\n\t\t\t\t\t\t<\/div>\n\t\t\t\t<\/div>\n\t\t\t\t\t<\/div>\n\t\t\t\t<\/div>\n\t\t\t\t<\/div>\n\t\t","protected":false},"excerpt":{"rendered":"<p>Home Testimonials Testimonios Clientes satisfechos son nuestra mejor publicidad Nuestros los reviews Testimonio de evaluaci\u00f3n de nuestros Clientes \u00a0\u00a1\u00danete a ellos y comprueba por qu\u00e9 nos recomiendan! Guiabyte nos dio la tecnolog\u00eda que nuestro negocio requer\u00eda: innovadora y escalable.\u00a0 Su soporte t\u00e9cnico resuelve todo en minutos. Imprescindible para nuestra operaci\u00f3n diaria. &#9733;&#9733;&#9733;&#9733;&#9733; 5\/5 Camilla P\u00e9rez<\/p>","protected":false},"author":1,"featured_media":0,"parent":0,"menu_order":0,"comment_status":"closed","ping_status":"closed","template":"elementor_header_footer","meta":{"_uag_custom_page_level_css":"","solace_meta_sidebar":"","solace_meta_container":"","solace_meta_enable_content_width":"","solace_meta_content_width":0,"solace_meta_title_alignment":"","solace_meta_author_avatar":"","solace_post_elements_order":"","solace_meta_disable_header":"","solace_meta_disable_footer":"","solace_meta_disable_title":"","_joinchat":[],"footnotes":""},"class_list":["post-1574","page","type-page","status-publish","hentry"],"aioseo_notices":[],"uagb_featured_image_src":{"full":false,"thumbnail":false,"medium":false,"medium_large":false,"large":false,"1536x1536":false,"2048x2048":false,"trp-custom-language-flag":false,"solace-single2":false,"solace-single-default":false,"solace-default-blog":false,"solace-related-posts":false,"solace-wc-shop-layout3-layout4-layout6":false,"solace-blog":false,"woocommerce_thumbnail":false,"woocommerce_single":false,"woocommerce_gallery_thumbnail":false},"uagb_author_info":{"display_name":"fabiobellorestrepo@gmail.com","author_link":"https:\/\/guiabytes.com\/en\/author\/fabiobellorestrepogmail-com\/"},"uagb_comment_info":0,"uagb_excerpt":"Home Testimonials Testimonios Clientes satisfechos son nuestra mejor publicidad Nuestros los reviews Testimonio de evaluaci\u00f3n de nuestros Clientes \u00a0\u00a1\u00danete a ellos y comprueba por qu\u00e9 nos recomiendan! Guiabyte nos dio la tecnolog\u00eda que nuestro negocio requer\u00eda: innovadora y escalable.\u00a0 Su soporte t\u00e9cnico resuelve todo en minutos. Imprescindible para nuestra operaci\u00f3n diaria. &#9733;&#9733;&#9733;&#9733;&#9733; 5\/5 Camilla P\u00e9rez","_links":{"self":[{"href":"https:\/\/guiabytes.com\/en\/wp-json\/wp\/v2\/pages\/1574","targetHints":{"allow":["GET"]}}],"collection":[{"href":"https:\/\/guiabytes.com\/en\/wp-json\/wp\/v2\/pages"}],"about":[{"href":"https:\/\/guiabytes.com\/en\/wp-json\/wp\/v2\/types\/page"}],"author":[{"embeddable":true,"href":"https:\/\/guiabytes.com\/en\/wp-json\/wp\/v2\/users\/1"}],"replies":[{"embeddable":true,"href":"https:\/\/guiabytes.com\/en\/wp-json\/wp\/v2\/comments?post=1574"}],"version-history":[{"count":10,"href":"https:\/\/guiabytes.com\/en\/wp-json\/wp\/v2\/pages\/1574\/revisions"}],"predecessor-version":[{"id":2147,"href":"https:\/\/guiabytes.com\/en\/wp-json\/wp\/v2\/pages\/1574\/revisions\/2147"}],"wp:attachment":[{"href":"https:\/\/guiabytes.com\/en\/wp-json\/wp\/v2\/media?parent=1574"}],"curies":[{"name":"wp","href":"https:\/\/api.w.org\/{rel}","templated":true}]}}