{"id":1858,"date":"2025-08-06T19:58:29","date_gmt":"2025-08-06T19:58:29","guid":{"rendered":"https:\/\/guiabytes.com\/?page_id=1858"},"modified":"2025-09-01T18:07:41","modified_gmt":"2025-09-01T18:07:41","slug":"traductores","status":"publish","type":"page","link":"https:\/\/guiabytes.com\/en\/traductores\/","title":{"rendered":"Traductores"},"content":{"rendered":"\t\t<div data-elementor-type=\"wp-page\" data-elementor-id=\"1858\" class=\"elementor elementor-1858\">\n\t\t\t\t<div class=\"elementor-element elementor-element-bea79eb e-flex e-con-boxed e-con e-parent\" data-id=\"bea79eb\" data-element_type=\"container\" data-e-type=\"container\">\n\t\t\t\t\t<div class=\"e-con-inner\">\n\t\t\t\t<div class=\"elementor-element elementor-element-6e1b176 elementor-widget elementor-widget-video\" data-id=\"6e1b176\" data-element_type=\"widget\" data-e-type=\"widget\" data-settings=\"{&quot;youtube_url&quot;:&quot;https:\\\/\\\/www.youtube.com\\\/watch?v=thyf_zFfuMo&quot;,&quot;video_type&quot;:&quot;youtube&quot;,&quot;controls&quot;:&quot;yes&quot;}\" data-widget_type=\"video.default\">\n\t\t\t\t\t\t\t<div class=\"elementor-wrapper elementor-open-inline\">\n\t\t\t<div class=\"elementor-video\"><\/div>\t\t<\/div>\n\t\t\t\t\t\t<\/div>\n\t\t\t\t\t<\/div>\n\t\t\t\t<\/div>\n\t\t\t\t<section class=\"elementor-section elementor-top-section elementor-element elementor-element-8i36bgj elementor-section-full_width elementor-section-content-bottom elementor-section-height-default elementor-section-height-default\" data-id=\"8i36bgj\" data-element_type=\"section\" data-e-type=\"section\" data-settings=\"{&quot;background_background&quot;:&quot;classic&quot;}\">\n\t\t\t\t\t\t<div class=\"elementor-container elementor-column-gap-no\">\n\t\t\t\t\t<div class=\"elementor-column elementor-col-50 elementor-top-column elementor-element elementor-element-bf8bd6b\" data-id=\"bf8bd6b\" data-element_type=\"column\" data-e-type=\"column\">\n\t\t\t<div class=\"elementor-widget-wrap elementor-element-populated\">\n\t\t\t\t\t\t<section class=\"elementor-section elementor-inner-section elementor-element elementor-element-93157c0 elementor-reverse-tablet elementor-reverse-mobile elementor-section-boxed elementor-section-height-default elementor-section-height-default\" data-id=\"93157c0\" data-element_type=\"section\" data-e-type=\"section\">\n\t\t\t\t\t\t<div class=\"elementor-container elementor-column-gap-default\">\n\t\t\t\t\t<div class=\"elementor-column elementor-col-100 elementor-inner-column elementor-element elementor-element-9d5de56\" data-id=\"9d5de56\" data-element_type=\"column\" data-e-type=\"column\">\n\t\t\t<div class=\"elementor-widget-wrap elementor-element-populated\">\n\t\t\t\t\t\t<div class=\"elementor-element elementor-element-9722e73 elementor-widget__width-initial elementor-widget elementor-widget-heading\" data-id=\"9722e73\" data-element_type=\"widget\" data-e-type=\"widget\" data-widget_type=\"heading.default\">\n\t\t\t\t\t<h2 class=\"elementor-heading-title elementor-size-default\">Rompe las barreras del idioma. Con\u00e9ctate con el mundo sin l\u00edmites<\/h2>\t\t\t\t<\/div>\n\t\t\t\t<div class=\"elementor-element elementor-element-ce33e98 elementor-widget elementor-widget-text-editor\" data-id=\"ce33e98\" data-element_type=\"widget\" data-e-type=\"widget\" data-widget_type=\"text-editor.default\">\n\t\t\t\t\t\t\t\t\t<p class=\"ds-markdown-paragraph\" style=\"font-size: 16.002px; line-height: 28.575px; margin-bottom: 0px !important;\"><span style=\"font-weight: 600;\">Traducci\u00f3n instant\u00e1nea y precisa<\/span> en m\u00e1s de 40 idiomas, directamente en tu mano. Tecnolog\u00eda de IA avanzada para conversaciones fluidas y naturales.<\/p><p class=\"ds-markdown-paragraph\" style=\"font-size: 16.002px; line-height: 28.575px; margin-bottom: 0px !important;\"><span style=\"font-weight: 600;\">Aprieta un bot\u00f3n y habla <\/span>. La traducci\u00f3n m\u00e1s simple del mundo.<\/p><p class=\"ds-markdown-paragraph\" style=\"font-size: 16.002px; line-height: 28.575px; margin-bottom: 0px !important;\">\u00a0<\/p>\t\t\t\t\t\t\t\t<\/div>\n\t\t\t\t<div class=\"elementor-element elementor-element-2317c8f elementor-widget elementor-widget-button\" data-id=\"2317c8f\" data-element_type=\"widget\" data-e-type=\"widget\" data-widget_type=\"button.default\">\n\t\t\t\t\t\t\t\t\t\t<a class=\"elementor-button elementor-button-link elementor-size-sm\" href=\"#\">\n\t\t\t\t\t\t<span class=\"elementor-button-content-wrapper\">\n\t\t\t\t\t\t\t\t\t<span class=\"elementor-button-text\">Con\u00f3cela <\/span>\n\t\t\t\t\t<\/span>\n\t\t\t\t\t<\/a>\n\t\t\t\t\t\t\t\t<\/div>\n\t\t\t\t\t<\/div>\n\t\t<\/div>\n\t\t\t\t\t<\/div>\n\t\t<\/section>\n\t\t\t\t\t<\/div>\n\t\t<\/div>\n\t\t\t\t<div class=\"elementor-column elementor-col-50 elementor-top-column elementor-element elementor-element-4576535\" data-id=\"4576535\" data-element_type=\"column\" data-e-type=\"column\" data-settings=\"{&quot;background_background&quot;:&quot;slideshow&quot;,&quot;background_slideshow_gallery&quot;:[{&quot;id&quot;:1913,&quot;url&quot;:&quot;https:\\\/\\\/guiabytes.com\\\/wp-content\\\/uploads\\\/2025\\\/08\\\/hishel-Z6.jpg&quot;},{&quot;id&quot;:1907,&quot;url&quot;:&quot;https:\\\/\\\/guiabytes.com\\\/wp-content\\\/uploads\\\/2025\\\/08\\\/hishell.net_Z9.jpg&quot;},{&quot;id&quot;:1914,&quot;url&quot;:&quot;https:\\\/\\\/guiabytes.com\\\/wp-content\\\/uploads\\\/2025\\\/08\\\/hishell-S15.png&quot;},{&quot;id&quot;:1915,&quot;url&quot;:&quot;https:\\\/\\\/guiabytes.com\\\/wp-content\\\/uploads\\\/2025\\\/08\\\/Hishell-BL02.jpg&quot;},{&quot;id&quot;:1912,&quot;url&quot;:&quot;https:\\\/\\\/guiabytes.com\\\/wp-content\\\/uploads\\\/2025\\\/08\\\/hishell.net_Z9-1.jpg&quot;}],&quot;background_slideshow_slide_transition&quot;:&quot;slide_right&quot;,&quot;background_slideshow_loop&quot;:&quot;yes&quot;,&quot;background_slideshow_slide_duration&quot;:5000,&quot;background_slideshow_transition_duration&quot;:500}\">\n\t\t\t<div class=\"elementor-widget-wrap\">\n\t\t\t\t\t<div class=\"elementor-background-overlay\"><\/div>\n\t\t\t\t\t\t\t<\/div>\n\t\t<\/div>\n\t\t\t\t\t<\/div>\n\t\t<\/section>\n\t\t<div class=\"elementor-element elementor-element-251b817 e-flex e-con-boxed e-con e-parent\" data-id=\"251b817\" data-element_type=\"container\" data-e-type=\"container\">\n\t\t\t\t\t<div class=\"e-con-inner\">\n\t\t<div class=\"elementor-element elementor-element-ae0c957 e-con-full e-flex e-con e-child\" data-id=\"ae0c957\" data-element_type=\"container\" data-e-type=\"container\">\n\t\t\t\t<div class=\"elementor-element elementor-element-d53a578 elementor-widget elementor-widget-heading\" data-id=\"d53a578\" data-element_type=\"widget\" data-e-type=\"widget\" data-widget_type=\"heading.default\">\n\t\t\t\t\t<h2 class=\"elementor-heading-title elementor-size-default\">Traductor Z9<\/h2>\t\t\t\t<\/div>\n\t\t\t\t<div class=\"elementor-element elementor-element-52da93c elementor-widget elementor-widget-image\" data-id=\"52da93c\" data-element_type=\"widget\" data-e-type=\"widget\" data-widget_type=\"image.default\">\n\t\t\t\t\t\t\t\t\t\t\t\t\t\t\t<img fetchpriority=\"high\" decoding=\"async\" width=\"640\" height=\"640\" src=\"https:\/\/guiabytes.com\/wp-content\/uploads\/2025\/08\/hishell.net_Z9-1.jpg\" class=\"attachment-large size-large wp-image-1912\" alt=\"\" srcset=\"https:\/\/guiabytes.com\/wp-content\/uploads\/2025\/08\/hishell.net_Z9-1.jpg 800w, https:\/\/guiabytes.com\/wp-content\/uploads\/2025\/08\/hishell.net_Z9-1-300x300.jpg 300w, https:\/\/guiabytes.com\/wp-content\/uploads\/2025\/08\/hishell.net_Z9-1-150x150.jpg 150w, https:\/\/guiabytes.com\/wp-content\/uploads\/2025\/08\/hishell.net_Z9-1-768x768.jpg 768w, https:\/\/guiabytes.com\/wp-content\/uploads\/2025\/08\/hishell.net_Z9-1-600x600.jpg 600w\" sizes=\"(max-width: 640px) 100vw, 640px\" \/>\t\t\t\t\t\t\t\t\t\t\t\t\t\t\t<\/div>\n\t\t<div class=\"elementor-element elementor-element-932f9af e-con-full e-flex e-con e-child\" data-id=\"932f9af\" data-element_type=\"container\" data-e-type=\"container\">\n\t\t<div class=\"elementor-element elementor-element-1040f2e e-con-full e-flex e-con e-child\" data-id=\"1040f2e\" data-element_type=\"container\" data-e-type=\"container\">\n\t\t\t\t<div class=\"elementor-element elementor-element-9cb822c elementor-widget elementor-widget-text-editor\" data-id=\"9cb822c\" data-element_type=\"widget\" data-e-type=\"widget\" data-widget_type=\"text-editor.default\">\n\t\t\t\t\t\t\t\t\t<ul><li><p class=\"ds-markdown-paragraph\"><strong>Traducci\u00f3n de 138 idiomas<\/strong>\u00a0(19 sin conexi\u00f3n y 57 por foto).<\/p><\/li><li><p class=\"ds-markdown-paragraph\"><strong>Traducci\u00f3n de voz instant\u00e1nea<\/strong>.<\/p><\/li><li><p class=\"ds-markdown-paragraph\"><strong>Sistema de traducci\u00f3n vocal con cuatro micr\u00f3fonos<\/strong>\u00a0para una captura del audio \u00f3ptima.<\/p><\/li><li><p class=\"ds-markdown-paragraph\"><strong>Traducci\u00f3n de chats y conversaciones globales<\/strong>.<\/p><\/li><li><p class=\"ds-markdown-paragraph\"><strong>M\u00faltiples opciones de conectividad<\/strong>: WiFi, hotspot de tu m\u00f3vil y red 4G incorporada.<\/p><\/li><\/ul><p>.<\/p>\t\t\t\t\t\t\t\t<\/div>\n\t\t\t\t<\/div>\n\t\t\t\t<\/div>\n\t\t\t\t<\/div>\n\t\t<div class=\"elementor-element elementor-element-916b8e3 e-con-full e-flex e-con e-child\" data-id=\"916b8e3\" data-element_type=\"container\" data-e-type=\"container\">\n\t\t\t\t<div class=\"elementor-element elementor-element-9bc5a35 elementor-widget elementor-widget-heading\" data-id=\"9bc5a35\" data-element_type=\"widget\" data-e-type=\"widget\" data-widget_type=\"heading.default\">\n\t\t\t\t\t<h2 class=\"elementor-heading-title elementor-size-default\">Traductor Z6<\/h2>\t\t\t\t<\/div>\n\t\t\t\t<div class=\"elementor-element elementor-element-d32850a elementor-widget elementor-widget-image\" data-id=\"d32850a\" data-element_type=\"widget\" data-e-type=\"widget\" data-widget_type=\"image.default\">\n\t\t\t\t\t\t\t\t\t\t\t\t\t\t\t<img decoding=\"async\" width=\"640\" height=\"640\" src=\"https:\/\/guiabytes.com\/wp-content\/uploads\/2025\/08\/hishel-Z6.jpg\" class=\"attachment-large size-large wp-image-1913\" alt=\"\" srcset=\"https:\/\/guiabytes.com\/wp-content\/uploads\/2025\/08\/hishel-Z6.jpg 800w, https:\/\/guiabytes.com\/wp-content\/uploads\/2025\/08\/hishel-Z6-300x300.jpg 300w, https:\/\/guiabytes.com\/wp-content\/uploads\/2025\/08\/hishel-Z6-150x150.jpg 150w, https:\/\/guiabytes.com\/wp-content\/uploads\/2025\/08\/hishel-Z6-768x768.jpg 768w, https:\/\/guiabytes.com\/wp-content\/uploads\/2025\/08\/hishel-Z6-600x600.jpg 600w\" sizes=\"(max-width: 640px) 100vw, 640px\" \/>\t\t\t\t\t\t\t\t\t\t\t\t\t\t\t<\/div>\n\t\t<div class=\"elementor-element elementor-element-baab0b3 e-con-full e-flex e-con e-child\" data-id=\"baab0b3\" data-element_type=\"container\" data-e-type=\"container\">\n\t\t<div class=\"elementor-element elementor-element-8b9dbe6 e-con-full e-flex e-con e-child\" data-id=\"8b9dbe6\" data-element_type=\"container\" data-e-type=\"container\">\n\t\t\t\t<div class=\"elementor-element elementor-element-a619ef3 elementor-widget elementor-widget-text-editor\" data-id=\"a619ef3\" data-element_type=\"widget\" data-e-type=\"widget\" data-widget_type=\"text-editor.default\">\n\t\t\t\t\t\t\t\t\t<ul><li><p class=\"ds-markdown-paragraph\"><strong>Traducci\u00f3n de 138 idiomas<\/strong>\u00a0(19 sin conexi\u00f3n y 57 por foto).<\/p><\/li><li><p class=\"ds-markdown-paragraph\"><strong>Traducci\u00f3n de voz instant\u00e1nea<\/strong>.<\/p><\/li><li><p class=\"ds-markdown-paragraph\"><strong>Sistema de traducci\u00f3n vocal con cuatro micr\u00f3fonos<\/strong>\u00a0para una captura del audio \u00f3ptima.<\/p><\/li><li><p class=\"ds-markdown-paragraph\"><strong>Traducci\u00f3n de chats y conversaciones globales<\/strong>.<\/p><\/li><li><p class=\"ds-markdown-paragraph\"><strong>M\u00faltiples opciones de conectividad<\/strong>: WiFi, hotspot de tu m\u00f3vil y red 4G incorporada.<\/p><\/li><\/ul><p>.<\/p>\t\t\t\t\t\t\t\t<\/div>\n\t\t\t\t<\/div>\n\t\t\t\t<\/div>\n\t\t\t\t<\/div>\n\t\t<div class=\"elementor-element elementor-element-b0de131 e-con-full e-flex e-con e-child\" data-id=\"b0de131\" data-element_type=\"container\" data-e-type=\"container\">\n\t\t<div class=\"elementor-element elementor-element-4794ce1 e-con-full e-flex e-con e-child\" data-id=\"4794ce1\" data-element_type=\"container\" data-e-type=\"container\">\n\t\t\t\t<div class=\"elementor-element elementor-element-8b69652 elementor-widget elementor-widget-heading\" data-id=\"8b69652\" data-element_type=\"widget\" data-e-type=\"widget\" data-widget_type=\"heading.default\">\n\t\t\t\t\t<h2 class=\"elementor-heading-title elementor-size-default\">Traductor S15<\/h2>\t\t\t\t<\/div>\n\t\t\t\t<div class=\"elementor-element elementor-element-80f420b elementor-widget elementor-widget-image\" data-id=\"80f420b\" data-element_type=\"widget\" data-e-type=\"widget\" data-widget_type=\"image.default\">\n\t\t\t\t\t\t\t\t\t\t\t\t\t\t\t<img decoding=\"async\" width=\"640\" height=\"640\" src=\"https:\/\/guiabytes.com\/wp-content\/uploads\/2025\/08\/hishell-S15.png\" class=\"attachment-large size-large wp-image-1914\" alt=\"\" srcset=\"https:\/\/guiabytes.com\/wp-content\/uploads\/2025\/08\/hishell-S15.png 800w, https:\/\/guiabytes.com\/wp-content\/uploads\/2025\/08\/hishell-S15-300x300.png 300w, https:\/\/guiabytes.com\/wp-content\/uploads\/2025\/08\/hishell-S15-150x150.png 150w, https:\/\/guiabytes.com\/wp-content\/uploads\/2025\/08\/hishell-S15-768x768.png 768w, https:\/\/guiabytes.com\/wp-content\/uploads\/2025\/08\/hishell-S15-600x600.png 600w\" sizes=\"(max-width: 640px) 100vw, 640px\" \/>\t\t\t\t\t\t\t\t\t\t\t\t\t\t\t<\/div>\n\t\t<div class=\"elementor-element elementor-element-b8d3964 e-con-full e-flex e-con e-child\" data-id=\"b8d3964\" data-element_type=\"container\" data-e-type=\"container\">\n\t\t\t\t<div class=\"elementor-element elementor-element-af2115a elementor-widget elementor-widget-text-editor\" data-id=\"af2115a\" data-element_type=\"widget\" data-e-type=\"widget\" data-widget_type=\"text-editor.default\">\n\t\t\t\t\t\t\t\t\t<ul><li><p class=\"ds-markdown-paragraph\"><strong>148 idiomas<\/strong>\u00a0(19 disponibles sin internet + 74 por foto).<\/p><\/li><li><p class=\"ds-markdown-paragraph\"><strong>Traducci\u00f3n de voz instant\u00e1nea<\/strong>.<\/p><\/li><li><p class=\"ds-markdown-paragraph\"><strong>Tecnolog\u00eda de traducci\u00f3n vocal con cuatro micr\u00f3fonos\/nubes<\/strong>\u00a0(elige seg\u00fan el contexto real).<\/p><\/li><li><p class=\"ds-markdown-paragraph\"><strong>Traducci\u00f3n de chats en cualquier parte del mundo<\/strong>.<\/p><\/li><li><p class=\"ds-markdown-paragraph\"><strong>Conectividad flexible<\/strong>: WiFi, hotspot m\u00f3vil y 4G incorporado<\/p><\/li><\/ul>\t\t\t\t\t\t\t\t<\/div>\n\t\t\t\t<\/div>\n\t\t\t\t<\/div>\n\t\t\t\t<\/div>\n\t\t<div class=\"elementor-element elementor-element-7ff9b0b e-con-full e-flex e-con e-child\" data-id=\"7ff9b0b\" data-element_type=\"container\" data-e-type=\"container\">\n\t\t\t\t<div class=\"elementor-element elementor-element-8302cf6 elementor-widget elementor-widget-heading\" data-id=\"8302cf6\" data-element_type=\"widget\" data-e-type=\"widget\" data-widget_type=\"heading.default\">\n\t\t\t\t\t<h2 class=\"elementor-heading-title elementor-size-default\">Traductor BL6<\/h2>\t\t\t\t<\/div>\n\t\t\t\t<div class=\"elementor-element elementor-element-4033634 elementor-widget elementor-widget-image\" data-id=\"4033634\" data-element_type=\"widget\" data-e-type=\"widget\" data-widget_type=\"image.default\">\n\t\t\t\t\t\t\t\t\t\t\t\t\t\t\t<img loading=\"lazy\" decoding=\"async\" width=\"640\" height=\"640\" src=\"https:\/\/guiabytes.com\/wp-content\/uploads\/2025\/08\/Hishell-BL02.jpg\" class=\"attachment-large size-large wp-image-1915\" alt=\"\" srcset=\"https:\/\/guiabytes.com\/wp-content\/uploads\/2025\/08\/Hishell-BL02.jpg 1000w, https:\/\/guiabytes.com\/wp-content\/uploads\/2025\/08\/Hishell-BL02-300x300.jpg 300w, https:\/\/guiabytes.com\/wp-content\/uploads\/2025\/08\/Hishell-BL02-150x150.jpg 150w, https:\/\/guiabytes.com\/wp-content\/uploads\/2025\/08\/Hishell-BL02-768x768.jpg 768w, https:\/\/guiabytes.com\/wp-content\/uploads\/2025\/08\/Hishell-BL02-600x600.jpg 600w\" sizes=\"(max-width: 640px) 100vw, 640px\" \/>\t\t\t\t\t\t\t\t\t\t\t\t\t\t\t<\/div>\n\t\t<div class=\"elementor-element elementor-element-c20c444 e-con-full e-flex e-con e-child\" data-id=\"c20c444\" data-element_type=\"container\" data-e-type=\"container\">\n\t\t<div class=\"elementor-element elementor-element-24ae187 e-con-full e-flex e-con e-child\" data-id=\"24ae187\" data-element_type=\"container\" data-e-type=\"container\">\n\t\t\t\t<div class=\"elementor-element elementor-element-ac0b6dc elementor-widget elementor-widget-text-editor\" data-id=\"ac0b6dc\" data-element_type=\"widget\" data-e-type=\"widget\" data-widget_type=\"text-editor.default\">\n\t\t\t\t\t\t\t\t\t<ul><li><p class=\"ds-markdown-paragraph\"><strong>Nuevos auriculares traductores<\/strong>: Traducci\u00f3n natural en tiempo real con\u00a0<strong>97% de precisi\u00f3n en menos de 1 segundo<\/strong>.<\/p><\/li><li><p class=\"ds-markdown-paragraph\"><strong>164 idiomas con interpretaci\u00f3n simult\u00e1nea<\/strong>\u00a0y funci\u00f3n de\u00a0<strong>voz a texto en tiempo real<\/strong>.<\/p><\/li><li><p class=\"ds-markdown-paragraph\"><strong>Resistentes al agua (IPX5)<\/strong>\u00a0y con\u00a0<strong>pantalla digital<\/strong>\u00a0integrada.<\/p><\/li><li><p class=\"ds-markdown-paragraph\">\u00a0<strong>Funci\u00f3n 2 en 1<\/strong>: Traducci\u00f3n y\u00a0<strong>reproducci\u00f3n de m\u00fasica<\/strong>\u00a0en un mismo dispositivo.<\/p><\/li><li><p class=\"ds-markdown-paragraph\"><strong>Compatibles con la mayor\u00eda de equipos de comunicaci\u00f3n<\/strong>\u00a0(tel\u00e9fonos, tablets, PCs).<\/p><\/li><\/ul><p>.<\/p>\t\t\t\t\t\t\t\t<\/div>\n\t\t\t\t<\/div>\n\t\t\t\t<\/div>\n\t\t\t\t<\/div>\n\t\t\t\t\t<\/div>\n\t\t\t\t<\/div>\n\t\t\t\t<\/div>\n\t\t","protected":false},"excerpt":{"rendered":"<p>https:\/\/www.youtube.com\/watch?v=thyf_zFfuMo Rompe las barreras del idioma. Con\u00e9ctate con el mundo sin l\u00edmites Traducci\u00f3n instant\u00e1nea y precisa en m\u00e1s de 40 idiomas, directamente en tu mano. Tecnolog\u00eda de IA avanzada para conversaciones fluidas y naturales. Aprieta un bot\u00f3n y habla . La traducci\u00f3n m\u00e1s simple del mundo. \u00a0 Con\u00f3cela Traductor Z9 Traducci\u00f3n de 138 idiomas\u00a0(19 sin<\/p>","protected":false},"author":1,"featured_media":0,"parent":0,"menu_order":0,"comment_status":"closed","ping_status":"closed","template":"","meta":{"_uag_custom_page_level_css":"","solace_meta_sidebar":"","solace_meta_container":"","solace_meta_enable_content_width":"","solace_meta_content_width":0,"solace_meta_title_alignment":"","solace_meta_author_avatar":"","solace_post_elements_order":"","solace_meta_disable_header":"","solace_meta_disable_footer":"","solace_meta_disable_title":"","_joinchat":[],"footnotes":""},"class_list":["post-1858","page","type-page","status-publish","hentry"],"aioseo_notices":[],"uagb_featured_image_src":{"full":false,"thumbnail":false,"medium":false,"medium_large":false,"large":false,"1536x1536":false,"2048x2048":false,"trp-custom-language-flag":false,"solace-single2":false,"solace-single-default":false,"solace-default-blog":false,"solace-related-posts":false,"solace-wc-shop-layout3-layout4-layout6":false,"solace-blog":false,"woocommerce_thumbnail":false,"woocommerce_single":false,"woocommerce_gallery_thumbnail":false},"uagb_author_info":{"display_name":"fabiobellorestrepo@gmail.com","author_link":"https:\/\/guiabytes.com\/en\/author\/fabiobellorestrepogmail-com\/"},"uagb_comment_info":0,"uagb_excerpt":"https:\/\/www.youtube.com\/watch?v=thyf_zFfuMo Rompe las barreras del idioma. Con\u00e9ctate con el mundo sin l\u00edmites Traducci\u00f3n instant\u00e1nea y precisa en m\u00e1s de 40 idiomas, directamente en tu mano. Tecnolog\u00eda de IA avanzada para conversaciones fluidas y naturales. Aprieta un bot\u00f3n y habla . La traducci\u00f3n m\u00e1s simple del mundo. \u00a0 Con\u00f3cela Traductor Z9 Traducci\u00f3n de 138 idiomas\u00a0(19 sin","_links":{"self":[{"href":"https:\/\/guiabytes.com\/en\/wp-json\/wp\/v2\/pages\/1858","targetHints":{"allow":["GET"]}}],"collection":[{"href":"https:\/\/guiabytes.com\/en\/wp-json\/wp\/v2\/pages"}],"about":[{"href":"https:\/\/guiabytes.com\/en\/wp-json\/wp\/v2\/types\/page"}],"author":[{"embeddable":true,"href":"https:\/\/guiabytes.com\/en\/wp-json\/wp\/v2\/users\/1"}],"replies":[{"embeddable":true,"href":"https:\/\/guiabytes.com\/en\/wp-json\/wp\/v2\/comments?post=1858"}],"version-history":[{"count":13,"href":"https:\/\/guiabytes.com\/en\/wp-json\/wp\/v2\/pages\/1858\/revisions"}],"predecessor-version":[{"id":2134,"href":"https:\/\/guiabytes.com\/en\/wp-json\/wp\/v2\/pages\/1858\/revisions\/2134"}],"wp:attachment":[{"href":"https:\/\/guiabytes.com\/en\/wp-json\/wp\/v2\/media?parent=1858"}],"curies":[{"name":"wp","href":"https:\/\/api.w.org\/{rel}","templated":true}]}}