{"id":1860,"date":"2025-08-06T19:59:30","date_gmt":"2025-08-06T19:59:30","guid":{"rendered":"https:\/\/guiabytes.com\/?page_id=1860"},"modified":"2025-09-01T17:26:42","modified_gmt":"2025-09-01T17:26:42","slug":"audioguias","status":"publish","type":"page","link":"https:\/\/guiabytes.com\/en\/audioguias\/","title":{"rendered":"Audiogu\u00edas"},"content":{"rendered":"<div data-elementor-type=\"wp-page\" data-elementor-id=\"1860\" class=\"elementor elementor-1860\">\n\t\t\t\t\t\t<section class=\"elementor-section elementor-top-section elementor-element elementor-element-cv18ep0 elementor-section-full_width elementor-section-content-bottom elementor-section-height-default elementor-section-height-default\" data-id=\"cv18ep0\" data-element_type=\"section\" data-e-type=\"section\" data-settings=\"{&quot;background_background&quot;:&quot;classic&quot;}\">\n\t\t\t\t\t\t<div class=\"elementor-container elementor-column-gap-no\">\n\t\t\t\t\t<div class=\"elementor-column elementor-col-50 elementor-top-column elementor-element elementor-element-bf8bd6b\" data-id=\"bf8bd6b\" data-element_type=\"column\" data-e-type=\"column\">\n\t\t\t<div class=\"elementor-widget-wrap elementor-element-populated\">\n\t\t\t\t\t\t<section class=\"elementor-section elementor-inner-section elementor-element elementor-element-93157c0 elementor-reverse-tablet elementor-reverse-mobile elementor-section-boxed elementor-section-height-default elementor-section-height-default\" data-id=\"93157c0\" data-element_type=\"section\" data-e-type=\"section\">\n\t\t\t\t\t\t<div class=\"elementor-container elementor-column-gap-default\">\n\t\t\t\t\t<div class=\"elementor-column elementor-col-100 elementor-inner-column elementor-element elementor-element-9d5de56\" data-id=\"9d5de56\" data-element_type=\"column\" data-e-type=\"column\" data-settings=\"{&quot;background_background&quot;:&quot;classic&quot;}\">\n\t\t\t<div class=\"elementor-widget-wrap elementor-element-populated\">\n\t\t\t\t\t\t<div class=\"elementor-element elementor-element-9722e73 elementor-widget elementor-widget-heading\" data-id=\"9722e73\" data-element_type=\"widget\" data-e-type=\"widget\" data-widget_type=\"heading.default\">\n\t\t\t\t\t<h2 class=\"elementor-heading-title elementor-size-default\">Tu gu\u00eda personal en el bolsillo. Descubre sin prisas.<\/h2>\t\t\t\t<\/div>\n\t\t\t\t<div class=\"elementor-element elementor-element-ce33e98 elementor-widget elementor-widget-text-editor\" data-id=\"ce33e98\" data-element_type=\"widget\" data-e-type=\"widget\" data-widget_type=\"text-editor.default\">\n\t\t\t\t\t\t\t\t\t<p>El audiogu\u00eda Smart Guide redefine la experiencia de visitas culturales y tur\u00edsticas, combinando tecnolog\u00eda avanzada, dise\u00f1o ergon\u00f3mico y contenido de alta calidad.<\/p>\t\t\t\t\t\t\t\t<\/div>\n\t\t\t\t<div class=\"elementor-element elementor-element-2317c8f elementor-widget elementor-widget-button\" data-id=\"2317c8f\" data-element_type=\"widget\" data-e-type=\"widget\" data-widget_type=\"button.default\">\n\t\t\t\t\t\t\t\t\t\t<a class=\"elementor-button elementor-button-link elementor-size-sm\" href=\"#\">\n\t\t\t\t\t\t<span class=\"elementor-button-content-wrapper\">\n\t\t\t\t\t\t\t\t\t<span class=\"elementor-button-text\">Con\u00f3cela <\/span>\n\t\t\t\t\t<\/span>\n\t\t\t\t\t<\/a>\n\t\t\t\t\t\t\t\t<\/div>\n\t\t\t\t\t<\/div>\n\t\t<\/div>\n\t\t\t\t\t<\/div>\n\t\t<\/section>\n\t\t\t\t\t<\/div>\n\t\t<\/div>\n\t\t\t\t<div class=\"elementor-column elementor-col-50 elementor-top-column elementor-element elementor-element-4576535\" data-id=\"4576535\" data-element_type=\"column\" data-e-type=\"column\" data-settings=\"{&quot;background_background&quot;:&quot;classic&quot;}\">\n\t\t\t<div class=\"elementor-widget-wrap elementor-element-populated\">\n\t\t\t\t\t<div class=\"elementor-background-overlay\"><\/div>\n\t\t\t\t\t\t<div class=\"elementor-element elementor-element-22457cc e-transform e-transform elementor-widget elementor-widget-image\" data-id=\"22457cc\" data-element_type=\"widget\" data-e-type=\"widget\" data-settings=\"{&quot;_transform_rotateZ_effect&quot;:{&quot;unit&quot;:&quot;px&quot;,&quot;size&quot;:0,&quot;sizes&quot;:[]},&quot;_transform_flipX_effect&quot;:&quot;transform&quot;,&quot;_transform_rotateZ_effect_tablet&quot;:{&quot;unit&quot;:&quot;deg&quot;,&quot;size&quot;:&quot;&quot;,&quot;sizes&quot;:[]},&quot;_transform_rotateZ_effect_mobile&quot;:{&quot;unit&quot;:&quot;deg&quot;,&quot;size&quot;:&quot;&quot;,&quot;sizes&quot;:[]}}\" data-widget_type=\"image.default\">\n\t\t\t\t\t\t\t\t\t\t\t\t\t\t\t<img fetchpriority=\"high\" decoding=\"async\" width=\"1142\" height=\"868\" src=\"https:\/\/guiabytes.com\/wp-content\/uploads\/2025\/08\/tamotecAudi.png\" class=\"attachment-full size-full wp-image-1897\" alt=\"\" srcset=\"https:\/\/guiabytes.com\/wp-content\/uploads\/2025\/08\/tamotecAudi.png 1142w, https:\/\/guiabytes.com\/wp-content\/uploads\/2025\/08\/tamotecAudi-300x228.png 300w, https:\/\/guiabytes.com\/wp-content\/uploads\/2025\/08\/tamotecAudi-1024x778.png 1024w, https:\/\/guiabytes.com\/wp-content\/uploads\/2025\/08\/tamotecAudi-768x584.png 768w, https:\/\/guiabytes.com\/wp-content\/uploads\/2025\/08\/tamotecAudi-600x456.png 600w\" sizes=\"(max-width: 1142px) 100vw, 1142px\" \/>\t\t\t\t\t\t\t\t\t\t\t\t\t\t\t<\/div>\n\t\t\t\t<section class=\"elementor-section elementor-inner-section elementor-element elementor-element-943b2de elementor-section-content-middle elementor-section-boxed elementor-section-height-default elementor-section-height-default\" data-id=\"943b2de\" data-element_type=\"section\" data-e-type=\"section\" data-settings=\"{&quot;background_background&quot;:&quot;classic&quot;}\">\n\t\t\t\t\t\t<div class=\"elementor-container elementor-column-gap-default\">\n\t\t\t\t\t<div class=\"elementor-column elementor-col-50 elementor-inner-column elementor-element elementor-element-0df3ffb\" data-id=\"0df3ffb\" data-element_type=\"column\" data-e-type=\"column\">\n\t\t\t<div class=\"elementor-widget-wrap elementor-element-populated\">\n\t\t\t\t\t\t<div class=\"elementor-element elementor-element-17f3a31 elementor-widget elementor-widget-image-box\" data-id=\"17f3a31\" data-element_type=\"widget\" data-e-type=\"widget\" data-widget_type=\"image-box.default\">\n\t\t\t\t\t<div class=\"elementor-image-box-wrapper\"><div class=\"elementor-image-box-content\"><h3 class=\"elementor-image-box-title\">Smart Guide<\/h3><p class=\"elementor-image-box-description\">Tus recorridos <\/p><\/div><\/div>\t\t\t\t<\/div>\n\t\t\t\t\t<\/div>\n\t\t<\/div>\n\t\t\t\t<div class=\"elementor-column elementor-col-50 elementor-inner-column elementor-element elementor-element-f468d9d\" data-id=\"f468d9d\" data-element_type=\"column\" data-e-type=\"column\">\n\t\t\t<div class=\"elementor-widget-wrap elementor-element-populated\">\n\t\t\t\t\t\t<div class=\"elementor-element elementor-element-0c1329d elementor-view-stacked elementor-shape-circle elementor-widget elementor-widget-icon\" data-id=\"0c1329d\" data-element_type=\"widget\" data-e-type=\"widget\" data-widget_type=\"icon.default\">\n\t\t\t\t\t\t\t<div class=\"elementor-icon-wrapper\">\n\t\t\t<a class=\"elementor-icon\" href=\"#\">\n\t\t\t<svg aria-hidden=\"true\" class=\"e-font-icon-svg e-fas-play\" viewbox=\"0 0 448 512\" xmlns=\"http:\/\/www.w3.org\/2000\/svg\"><path d=\"M424.4 214.7L72.4 6.6C43.8-10.3 0 6.1 0 47.9V464c0 37.5 40.7 60.1 72.4 41.3l352-208c31.4-18.5 31.5-64.1 0-82.6z\"><\/path><\/svg>\t\t\t<\/a>\n\t\t<\/div>\n\t\t\t\t\t\t<\/div>\n\t\t\t\t\t<\/div>\n\t\t<\/div>\n\t\t\t\t\t<\/div>\n\t\t<\/section>\n\t\t\t\t\t<\/div>\n\t\t<\/div>\n\t\t\t\t\t<\/div>\n\t\t<\/section>\n\t\t\t\t<section class=\"elementor-section elementor-top-section elementor-element elementor-element-c4ff6yf elementor-section-content-middle elementor-section-boxed elementor-section-height-default elementor-section-height-default\" data-id=\"c4ff6yf\" data-element_type=\"section\" data-e-type=\"section\" data-settings=\"{&quot;background_background&quot;:&quot;classic&quot;}\">\n\t\t\t\t\t\t\t<div class=\"elementor-background-overlay\"><\/div>\n\t\t\t\t\t\t\t<div class=\"elementor-container elementor-column-gap-no\">\n\t\t\t\t\t<div class=\"elementor-column elementor-col-50 elementor-top-column elementor-element elementor-element-a4da19c\" data-id=\"a4da19c\" data-element_type=\"column\" data-e-type=\"column\">\n\t\t\t<div class=\"elementor-widget-wrap elementor-element-populated\">\n\t\t\t\t\t\t<section class=\"elementor-section elementor-inner-section elementor-element elementor-element-d4072ee elementor-section-boxed elementor-section-height-default elementor-section-height-default\" data-id=\"d4072ee\" data-element_type=\"section\" data-e-type=\"section\">\n\t\t\t\t\t\t<div class=\"elementor-container elementor-column-gap-default\">\n\t\t\t\t\t<div class=\"elementor-column elementor-col-50 elementor-inner-column elementor-element elementor-element-115f08c\" data-id=\"115f08c\" data-element_type=\"column\" data-e-type=\"column\">\n\t\t\t<div class=\"elementor-widget-wrap elementor-element-populated\">\n\t\t\t\t\t\t<div class=\"elementor-element elementor-element-7f072d7 elementor-widget elementor-widget-image\" data-id=\"7f072d7\" data-element_type=\"widget\" data-e-type=\"widget\" data-widget_type=\"image.default\">\n\t\t\t\t\t\t\t\t\t\t\t\t\t\t\t<img decoding=\"async\" width=\"300\" height=\"300\" src=\"https:\/\/guiabytes.com\/wp-content\/uploads\/2025\/08\/thumb-4.jpg\" class=\"attachment-full size-full wp-image-2066\" alt=\"\" srcset=\"https:\/\/guiabytes.com\/wp-content\/uploads\/2025\/08\/thumb-4.jpg 300w, https:\/\/guiabytes.com\/wp-content\/uploads\/2025\/08\/thumb-4-150x150.jpg 150w\" sizes=\"(max-width: 300px) 100vw, 300px\" \/>\t\t\t\t\t\t\t\t\t\t\t\t\t\t\t<\/div>\n\t\t\t\t<div class=\"elementor-element elementor-element-5055387 elementor-widget elementor-widget-heading\" data-id=\"5055387\" data-element_type=\"widget\" data-e-type=\"widget\" data-widget_type=\"heading.default\">\n\t\t\t\t\t<h3 class=\"elementor-heading-title elementor-size-default\">Mapas \nInteractivos <\/h3>\t\t\t\t<\/div>\n\t\t\t\t<div class=\"elementor-element elementor-element-c29e8bd elementor-widget elementor-widget-text-editor\" data-id=\"c29e8bd\" data-element_type=\"widget\" data-e-type=\"widget\" data-widget_type=\"text-editor.default\">\n\t\t\t\t\t\t\t\t\t<p>El dispositivo Smart Guide\u00a0<strong>incluye mapas interactivos<\/strong>\u00a0para una navegaci\u00f3n intuitiva y en tiempo real.<\/p>\t\t\t\t\t\t\t\t<\/div>\n\t\t\t\t\t<\/div>\n\t\t<\/div>\n\t\t\t\t<div class=\"elementor-column elementor-col-50 elementor-inner-column elementor-element elementor-element-c60df4a\" data-id=\"c60df4a\" data-element_type=\"column\" data-e-type=\"column\">\n\t\t\t<div class=\"elementor-widget-wrap elementor-element-populated\">\n\t\t\t\t\t\t<div class=\"elementor-element elementor-element-14bf062 elementor-widget elementor-widget-image\" data-id=\"14bf062\" data-element_type=\"widget\" data-e-type=\"widget\" data-widget_type=\"image.default\">\n\t\t\t\t\t\t\t\t\t\t\t\t\t\t\t<img decoding=\"async\" src=\"https:\/\/guiabytes.com\/wp-content\/uploads\/elementor\/thumbs\/hero8-bg-ravp6qpeppenbxu5kfvmb4yddt0zxkgh3n46h6c9um.jpg\" title=\"hero8-bg.jpg\" alt=\"hero8-bg.jpg\" loading=\"lazy\" \/>\t\t\t\t\t\t\t\t\t\t\t\t\t\t\t<\/div>\n\t\t\t\t<div class=\"elementor-element elementor-element-5426bb0 elementor-widget elementor-widget-heading\" data-id=\"5426bb0\" data-element_type=\"widget\" data-e-type=\"widget\" data-widget_type=\"heading.default\">\n\t\t\t\t\t<h3 class=\"elementor-heading-title elementor-size-default\">Geolocalizaci\u00f3n<\/h3>\t\t\t\t<\/div>\n\t\t\t\t<div class=\"elementor-element elementor-element-2593ccc elementor-widget elementor-widget-text-editor\" data-id=\"2593ccc\" data-element_type=\"widget\" data-e-type=\"widget\" data-widget_type=\"text-editor.default\">\n\t\t\t\t\t\t\t\t\t<p>Smart Guide con\u00a0<strong>activaci\u00f3n autom\u00e1tica de multimedia por GPS<\/strong>: el contenido correcto en el lugar exacto, sin que tengas que tocar nada<\/p>\t\t\t\t\t\t\t\t<\/div>\n\t\t\t\t\t<\/div>\n\t\t<\/div>\n\t\t\t\t\t<\/div>\n\t\t<\/section>\n\t\t\t\t<section class=\"elementor-section elementor-inner-section elementor-element elementor-element-1b8642d elementor-section-boxed elementor-section-height-default elementor-section-height-default\" data-id=\"1b8642d\" data-element_type=\"section\" data-e-type=\"section\">\n\t\t\t\t\t\t<div class=\"elementor-container elementor-column-gap-default\">\n\t\t\t\t\t<div class=\"elementor-column elementor-col-50 elementor-inner-column elementor-element elementor-element-ee1741a\" data-id=\"ee1741a\" data-element_type=\"column\" data-e-type=\"column\">\n\t\t\t<div class=\"elementor-widget-wrap elementor-element-populated\">\n\t\t\t\t\t\t<div class=\"elementor-element elementor-element-7e0aad1 elementor-widget elementor-widget-image\" data-id=\"7e0aad1\" data-element_type=\"widget\" data-e-type=\"widget\" data-widget_type=\"image.default\">\n\t\t\t\t\t\t\t\t\t\t\t\t\t\t\t<img decoding=\"async\" width=\"300\" height=\"300\" src=\"https:\/\/guiabytes.com\/wp-content\/uploads\/2025\/08\/thumb-2.jpg\" class=\"attachment-full size-full wp-image-2068\" alt=\"\" srcset=\"https:\/\/guiabytes.com\/wp-content\/uploads\/2025\/08\/thumb-2.jpg 300w, https:\/\/guiabytes.com\/wp-content\/uploads\/2025\/08\/thumb-2-150x150.jpg 150w\" sizes=\"(max-width: 300px) 100vw, 300px\" \/>\t\t\t\t\t\t\t\t\t\t\t\t\t\t\t<\/div>\n\t\t\t\t<div class=\"elementor-element elementor-element-cf181cb elementor-widget elementor-widget-heading\" data-id=\"cf181cb\" data-element_type=\"widget\" data-e-type=\"widget\" data-widget_type=\"heading.default\">\n\t\t\t\t\t<h3 class=\"elementor-heading-title elementor-size-default\">Reproducci\u00f3n de Audio<\/h3>\t\t\t\t<\/div>\n\t\t\t\t<div class=\"elementor-element elementor-element-c6fdc2e elementor-widget elementor-widget-text-editor\" data-id=\"c6fdc2e\" data-element_type=\"widget\" data-e-type=\"widget\" data-widget_type=\"text-editor.default\">\n\t\t\t\t\t\t\t\t\t<p>El dispositivo ofrece\u00a0<strong>reproducci\u00f3n de audio n\u00edtida y enriquecida<\/strong>, optimizada para gu\u00edas y narraciones.<\/p>\t\t\t\t\t\t\t\t<\/div>\n\t\t\t\t\t<\/div>\n\t\t<\/div>\n\t\t\t\t<div class=\"elementor-column elementor-col-50 elementor-inner-column elementor-element elementor-element-cca4958\" data-id=\"cca4958\" data-element_type=\"column\" data-e-type=\"column\">\n\t\t\t<div class=\"elementor-widget-wrap elementor-element-populated\">\n\t\t\t\t\t\t<div class=\"elementor-element elementor-element-462ffa9 elementor-widget elementor-widget-image\" data-id=\"462ffa9\" data-element_type=\"widget\" data-e-type=\"widget\" data-widget_type=\"image.default\">\n\t\t\t\t\t\t\t\t\t\t\t\t\t\t\t<img loading=\"lazy\" decoding=\"async\" width=\"300\" height=\"300\" src=\"https:\/\/guiabytes.com\/wp-content\/uploads\/2025\/08\/thumb-1.jpg\" class=\"attachment-full size-full wp-image-2069\" alt=\"\" srcset=\"https:\/\/guiabytes.com\/wp-content\/uploads\/2025\/08\/thumb-1.jpg 300w, https:\/\/guiabytes.com\/wp-content\/uploads\/2025\/08\/thumb-1-150x150.jpg 150w\" sizes=\"(max-width: 300px) 100vw, 300px\" \/>\t\t\t\t\t\t\t\t\t\t\t\t\t\t\t<\/div>\n\t\t\t\t<div class=\"elementor-element elementor-element-3305237 elementor-widget elementor-widget-heading\" data-id=\"3305237\" data-element_type=\"widget\" data-e-type=\"widget\" data-widget_type=\"heading.default\">\n\t\t\t\t\t<h3 class=\"elementor-heading-title elementor-size-default\">Modo Cl\u00e1sico<\/h3>\t\t\t\t<\/div>\n\t\t\t\t<div class=\"elementor-element elementor-element-58a3fa5 elementor-widget elementor-widget-text-editor\" data-id=\"58a3fa5\" data-element_type=\"widget\" data-e-type=\"widget\" data-widget_type=\"text-editor.default\">\n\t\t\t\t\t\t\t\t\t<p>El Smart Guide incluye un\u00a0<strong>&#8216;Modo Manual&#8217; o &#8216;Modo Cl\u00e1sico&#8217;<\/strong>\u00a0que te da el control total: t\u00fa decides cu\u00e1ndo iniciar, pausar o repetir la reproducci\u00f3n de cada audio<\/p>\t\t\t\t\t\t\t\t<\/div>\n\t\t\t\t\t<\/div>\n\t\t<\/div>\n\t\t\t\t\t<\/div>\n\t\t<\/section>\n\t\t\t\t\t<\/div>\n\t\t<\/div>\n\t\t\t\t<div class=\"elementor-column elementor-col-50 elementor-top-column elementor-element elementor-element-1cb5f8e\" data-id=\"1cb5f8e\" data-element_type=\"column\" data-e-type=\"column\">\n\t\t\t<div class=\"elementor-widget-wrap elementor-element-populated\">\n\t\t\t\t\t\t<div class=\"elementor-element elementor-element-db0c090 elementor-widget elementor-widget-image\" data-id=\"db0c090\" data-element_type=\"widget\" data-e-type=\"widget\" data-widget_type=\"image.default\">\n\t\t\t\t\t\t\t\t\t\t\t\t\t\t\t<img loading=\"lazy\" decoding=\"async\" width=\"640\" height=\"486\" src=\"https:\/\/guiabytes.com\/wp-content\/uploads\/2025\/08\/tamotecAudi-1024x778.png\" class=\"attachment-large size-large wp-image-1897\" alt=\"\" srcset=\"https:\/\/guiabytes.com\/wp-content\/uploads\/2025\/08\/tamotecAudi-1024x778.png 1024w, https:\/\/guiabytes.com\/wp-content\/uploads\/2025\/08\/tamotecAudi-300x228.png 300w, https:\/\/guiabytes.com\/wp-content\/uploads\/2025\/08\/tamotecAudi-768x584.png 768w, https:\/\/guiabytes.com\/wp-content\/uploads\/2025\/08\/tamotecAudi-600x456.png 600w, https:\/\/guiabytes.com\/wp-content\/uploads\/2025\/08\/tamotecAudi.png 1142w\" sizes=\"(max-width: 640px) 100vw, 640px\" \/>\t\t\t\t\t\t\t\t\t\t\t\t\t\t\t<\/div>\n\t\t\t\t\t<\/div>\n\t\t<\/div>\n\t\t\t\t\t<\/div>\n\t\t<\/section>\n\t\t<div class=\"elementor-element elementor-element-a350c59 e-flex e-con-boxed e-con e-parent\" data-id=\"a350c59\" data-element_type=\"container\" data-e-type=\"container\">\n\t\t\t\t\t<div class=\"e-con-inner\">\n\t\t\t\t\t<\/div>\n\t\t\t\t<\/div>\n\t\t\t\t<\/div>","protected":false},"excerpt":{"rendered":"<p>Tu gu\u00eda personal en el bolsillo. Descubre sin prisas. El audiogu\u00eda Smart Guide redefine la experiencia de visitas culturales y tur\u00edsticas, combinando tecnolog\u00eda avanzada, dise\u00f1o ergon\u00f3mico y contenido de alta calidad. Con\u00f3cela Smart Guide Tus recorridos Mapas Interactivos El dispositivo Smart Guide\u00a0incluye mapas interactivos\u00a0para una navegaci\u00f3n intuitiva y en tiempo real. Geolocalizaci\u00f3n Smart Guide con\u00a0activaci\u00f3n<\/p>","protected":false},"author":1,"featured_media":0,"parent":0,"menu_order":0,"comment_status":"closed","ping_status":"closed","template":"","meta":{"_uag_custom_page_level_css":"","solace_meta_sidebar":"","solace_meta_container":"","solace_meta_enable_content_width":"","solace_meta_content_width":0,"solace_meta_title_alignment":"","solace_meta_author_avatar":"","solace_post_elements_order":"","solace_meta_disable_header":"","solace_meta_disable_footer":"","solace_meta_disable_title":"","_joinchat":[],"footnotes":""},"class_list":["post-1860","page","type-page","status-publish","hentry"],"aioseo_notices":[],"uagb_featured_image_src":{"full":false,"thumbnail":false,"medium":false,"medium_large":false,"large":false,"1536x1536":false,"2048x2048":false,"trp-custom-language-flag":false,"solace-single2":false,"solace-single-default":false,"solace-default-blog":false,"solace-related-posts":false,"solace-wc-shop-layout3-layout4-layout6":false,"solace-blog":false,"woocommerce_thumbnail":false,"woocommerce_single":false,"woocommerce_gallery_thumbnail":false},"uagb_author_info":{"display_name":"fabiobellorestrepo@gmail.com","author_link":"https:\/\/guiabytes.com\/en\/author\/fabiobellorestrepogmail-com\/"},"uagb_comment_info":0,"uagb_excerpt":"Tu gu\u00eda personal en el bolsillo. Descubre sin prisas. El audiogu\u00eda Smart Guide redefine la experiencia de visitas culturales y tur\u00edsticas, combinando tecnolog\u00eda avanzada, dise\u00f1o ergon\u00f3mico y contenido de alta calidad. Con\u00f3cela Smart Guide Tus recorridos Mapas Interactivos El dispositivo Smart Guide\u00a0incluye mapas interactivos\u00a0para una navegaci\u00f3n intuitiva y en tiempo real. Geolocalizaci\u00f3n Smart Guide con\u00a0activaci\u00f3n","_links":{"self":[{"href":"https:\/\/guiabytes.com\/en\/wp-json\/wp\/v2\/pages\/1860","targetHints":{"allow":["GET"]}}],"collection":[{"href":"https:\/\/guiabytes.com\/en\/wp-json\/wp\/v2\/pages"}],"about":[{"href":"https:\/\/guiabytes.com\/en\/wp-json\/wp\/v2\/types\/page"}],"author":[{"embeddable":true,"href":"https:\/\/guiabytes.com\/en\/wp-json\/wp\/v2\/users\/1"}],"replies":[{"embeddable":true,"href":"https:\/\/guiabytes.com\/en\/wp-json\/wp\/v2\/comments?post=1860"}],"version-history":[{"count":19,"href":"https:\/\/guiabytes.com\/en\/wp-json\/wp\/v2\/pages\/1860\/revisions"}],"predecessor-version":[{"id":2124,"href":"https:\/\/guiabytes.com\/en\/wp-json\/wp\/v2\/pages\/1860\/revisions\/2124"}],"wp:attachment":[{"href":"https:\/\/guiabytes.com\/en\/wp-json\/wp\/v2\/media?parent=1860"}],"curies":[{"name":"wp","href":"https:\/\/api.w.org\/{rel}","templated":true}]}}