{"id":1866,"date":"2025-08-06T20:25:05","date_gmt":"2025-08-06T20:25:05","guid":{"rendered":"https:\/\/guiabytes.com\/?page_id=1866"},"modified":"2025-09-04T14:22:40","modified_gmt":"2025-09-04T14:22:40","slug":"creacion-de-guiones","status":"publish","type":"page","link":"https:\/\/guiabytes.com\/en\/creacion-de-guiones\/","title":{"rendered":"Creaci\u00f3n de guiones"},"content":{"rendered":"<div data-elementor-type=\"wp-page\" data-elementor-id=\"1866\" class=\"elementor elementor-1866\">\n\t\t\t\t<div class=\"elementor-element elementor-element-y8d8rqj e-flex e-con-boxed e-con e-parent\" data-id=\"y8d8rqj\" data-element_type=\"container\" data-e-type=\"container\" data-settings=\"{&quot;background_background&quot;:&quot;classic&quot;}\">\n\t\t\t\t\t<div class=\"e-con-inner\">\n\t\t<div class=\"elementor-element elementor-element-341f31e e-con-full e-flex e-con e-child\" data-id=\"341f31e\" data-element_type=\"container\" data-e-type=\"container\">\n\t\t\t\t<div class=\"elementor-element elementor-element-c607c23 elementor-widget elementor-widget-heading\" data-id=\"c607c23\" data-element_type=\"widget\" data-e-type=\"widget\" data-widget_type=\"heading.default\">\n\t\t\t\t\t<h1 class=\"elementor-heading-title elementor-size-default\">Creaci\u00f3n de Guiones <\/h1>\t\t\t\t<\/div>\n\t\t\t\t<\/div>\n\t\t\t\t\t<\/div>\n\t\t\t\t<\/div>\n\t\t<div class=\"elementor-element elementor-element-q9ttp5x e-flex e-con-boxed e-con e-parent\" data-id=\"q9ttp5x\" data-element_type=\"container\" data-e-type=\"container\">\n\t\t\t\t\t<div class=\"e-con-inner\">\n\t\t<div class=\"elementor-element elementor-element-53e9612 e-con-full e-flex e-con e-child\" data-id=\"53e9612\" data-element_type=\"container\" data-e-type=\"container\">\n\t\t\t\t<div class=\"elementor-element elementor-element-7179047 elementor-widget elementor-widget-heading\" data-id=\"7179047\" data-element_type=\"widget\" data-e-type=\"widget\" data-widget_type=\"heading.default\">\n\t\t\t\t\t<h2 class=\"elementor-heading-title elementor-size-default\">Guiones Profesionales para Recorridos Auto guiados.<\/h2>\t\t\t\t<\/div>\n\t\t\t\t<div class=\"elementor-element elementor-element-9db05f7 elementor-widget-divider--view-line elementor-widget elementor-widget-divider\" data-id=\"9db05f7\" data-element_type=\"widget\" data-e-type=\"widget\" data-widget_type=\"divider.default\">\n\t\t\t\t\t\t\t<div class=\"elementor-divider\">\n\t\t\t<span class=\"elementor-divider-separator\">\n\t\t\t\t\t\t<\/span>\n\t\t<\/div>\n\t\t\t\t\t\t<\/div>\n\t\t\t\t<div class=\"elementor-element elementor-element-18e4ffe elementor-widget elementor-widget-text-editor\" data-id=\"18e4ffe\" data-element_type=\"widget\" data-e-type=\"widget\" data-widget_type=\"text-editor.default\">\n\t\t\t\t\t\t\t\t\t<p>Transformamos espacios en experiencias memorables a trav\u00e9s de narrativas cautivadoras para audio gu\u00edas y mapas interactivos.<\/p>\t\t\t\t\t\t\t\t<\/div>\n\t\t\t\t<\/div>\n\t\t\t\t\t<\/div>\n\t\t\t\t<\/div>\n\t\t<div class=\"elementor-element elementor-element-z6jyaqz e-flex e-con-boxed e-con e-parent\" data-id=\"z6jyaqz\" data-element_type=\"container\" data-e-type=\"container\">\n\t\t\t\t\t<div class=\"e-con-inner\">\n\t\t<div class=\"elementor-element elementor-element-b19ea39 e-con-full e-flex e-con e-child\" data-id=\"b19ea39\" data-element_type=\"container\" data-e-type=\"container\">\n\t\t\t\t<div class=\"elementor-element elementor-element-f99f203 elementor-widget elementor-widget-image\" data-id=\"f99f203\" data-element_type=\"widget\" data-e-type=\"widget\" data-widget_type=\"image.default\">\n\t\t\t\t\t\t\t\t\t\t\t\t\t\t\t<img fetchpriority=\"high\" decoding=\"async\" width=\"640\" height=\"486\" src=\"https:\/\/guiabytes.com\/wp-content\/uploads\/2025\/08\/tamotecAudi-1024x778.png\" class=\"attachment-large size-large wp-image-1897\" alt=\"\" srcset=\"https:\/\/guiabytes.com\/wp-content\/uploads\/2025\/08\/tamotecAudi-1024x778.png 1024w, https:\/\/guiabytes.com\/wp-content\/uploads\/2025\/08\/tamotecAudi-300x228.png 300w, https:\/\/guiabytes.com\/wp-content\/uploads\/2025\/08\/tamotecAudi-768x584.png 768w, https:\/\/guiabytes.com\/wp-content\/uploads\/2025\/08\/tamotecAudi-600x456.png 600w, https:\/\/guiabytes.com\/wp-content\/uploads\/2025\/08\/tamotecAudi.png 1142w\" sizes=\"(max-width: 640px) 100vw, 640px\" \/>\t\t\t\t\t\t\t\t\t\t\t\t\t\t\t<\/div>\n\t\t\t\t<div class=\"elementor-element elementor-element-52d50d4 elementor-widget elementor-widget-hfe-infocard\" data-id=\"52d50d4\" data-element_type=\"widget\" data-e-type=\"widget\" data-widget_type=\"hfe-infocard.default\">\n\t\t\t\t<div class=\"elementor-widget-container\">\n\t\t\t\t\t\n\t\t<div class=\"hfe-infocard\">\n\t\t\t\t\t\t\t\t\t<div class=\"hfe-infocard-title-wrap\">\n\t\t\t\t<h5 class=\"hfe-infocard-title elementor-inline-editing\" data-elementor-setting-key=\"infocard_title\" data-elementor-inline-editing-toolbar=\"basic\" >Guiones para Audiogu\u00edas<\/h5>\t\t\t<\/div>\n\t\t\t\t\t\t<div class=\"hfe-infocard-text-wrap\">\n\t\t\t\t<div class=\"hfe-infocard-text elementor-inline-editing\" data-elementor-setting-key=\"infocard_description\" data-elementor-inline-editing-toolbar=\"advanced\">\n\t\t\t\t\tDesarrollamos narrativas atractivas y bien investigadas para sistemas de audiogu\u00edas en museos, exposiciones, sitios hist\u00f3ricos y recorridos tur\u00edsticos\t\t\t\t<\/div>\n\t\t\t\t\t\t\t<\/div>\n\t\t<\/div>\n\n\t\t\t\t\t\t<\/div>\n\t\t\t\t<\/div>\n\t\t\t\t<\/div>\n\t\t<div class=\"elementor-element elementor-element-ec35598 e-con-full e-flex e-con e-child\" data-id=\"ec35598\" data-element_type=\"container\" data-e-type=\"container\">\n\t\t\t\t<div class=\"elementor-element elementor-element-2d2b862 elementor-widget elementor-widget-image\" data-id=\"2d2b862\" data-element_type=\"widget\" data-e-type=\"widget\" data-widget_type=\"image.default\">\n\t\t\t\t\t\t\t\t\t\t\t\t\t\t\t<img decoding=\"async\" width=\"640\" height=\"409\" src=\"https:\/\/guiabytes.com\/wp-content\/uploads\/2025\/09\/g19928d9bb23aeff844fc1103cab506f04275d868c52845757cc08a184c6466ea1a3af02b136c2732c37f34752624a5036e5c2ed71c5065a183abf089ec54f7fa_1280-1869510-1024x654.jpg\" class=\"attachment-large size-large wp-image-2298\" alt=\"phone, android, apps, world map, applications, cellphone, communication, display, electronics, mobile phone, screen, smartphone, technology, touch screen, wireless, wireless technology, phone, phone, phone, phone, phone, android, android, mobile phone, mobile phone, smartphone, smartphone, technology, technology, technology\" srcset=\"https:\/\/guiabytes.com\/wp-content\/uploads\/2025\/09\/g19928d9bb23aeff844fc1103cab506f04275d868c52845757cc08a184c6466ea1a3af02b136c2732c37f34752624a5036e5c2ed71c5065a183abf089ec54f7fa_1280-1869510-1024x654.jpg 1024w, https:\/\/guiabytes.com\/wp-content\/uploads\/2025\/09\/g19928d9bb23aeff844fc1103cab506f04275d868c52845757cc08a184c6466ea1a3af02b136c2732c37f34752624a5036e5c2ed71c5065a183abf089ec54f7fa_1280-1869510-300x191.jpg 300w, https:\/\/guiabytes.com\/wp-content\/uploads\/2025\/09\/g19928d9bb23aeff844fc1103cab506f04275d868c52845757cc08a184c6466ea1a3af02b136c2732c37f34752624a5036e5c2ed71c5065a183abf089ec54f7fa_1280-1869510-768x490.jpg 768w, https:\/\/guiabytes.com\/wp-content\/uploads\/2025\/09\/g19928d9bb23aeff844fc1103cab506f04275d868c52845757cc08a184c6466ea1a3af02b136c2732c37f34752624a5036e5c2ed71c5065a183abf089ec54f7fa_1280-1869510-600x383.jpg 600w, https:\/\/guiabytes.com\/wp-content\/uploads\/2025\/09\/g19928d9bb23aeff844fc1103cab506f04275d868c52845757cc08a184c6466ea1a3af02b136c2732c37f34752624a5036e5c2ed71c5065a183abf089ec54f7fa_1280-1869510.jpg 1280w\" sizes=\"(max-width: 640px) 100vw, 640px\" \/>\t\t\t\t\t\t\t\t\t\t\t\t\t\t\t<\/div>\n\t\t\t\t<div class=\"elementor-element elementor-element-e61f6c2 elementor-widget elementor-widget-hfe-infocard\" data-id=\"e61f6c2\" data-element_type=\"widget\" data-e-type=\"widget\" data-widget_type=\"hfe-infocard.default\">\n\t\t\t\t<div class=\"elementor-widget-container\">\n\t\t\t\t\t\n\t\t<div class=\"hfe-infocard\">\n\t\t\t\t\t\t\t\t\t<div class=\"hfe-infocard-title-wrap\">\n\t\t\t\t<h5 class=\"hfe-infocard-title elementor-inline-editing\" data-elementor-setting-key=\"infocard_title\" data-elementor-inline-editing-toolbar=\"basic\" >Contenido para Mapas Interactivos<\/h5>\t\t\t<\/div>\n\t\t\t\t\t\t<div class=\"hfe-infocard-text-wrap\">\n\t\t\t\t<div class=\"hfe-infocard-text elementor-inline-editing\" data-elementor-setting-key=\"infocard_description\" data-elementor-inline-editing-toolbar=\"advanced\">\n\t\t\t\t\tCreamos textos descriptivos, historias contextuales y informaci\u00f3n relevante para implementar en sistemas de mapas digitales interactivos.\t\t\t\t<\/div>\n\t\t\t\t\t\t\t<\/div>\n\t\t<\/div>\n\n\t\t\t\t\t\t<\/div>\n\t\t\t\t<\/div>\n\t\t\t\t<\/div>\n\t\t\t\t\t<\/div>\n\t\t\t\t<\/div>\n\t\t<div class=\"elementor-element elementor-element-joa7odg e-flex e-con-boxed e-con e-parent\" data-id=\"joa7odg\" data-element_type=\"container\" data-e-type=\"container\">\n\t\t\t\t\t<div class=\"e-con-inner\">\n\t\t<div class=\"elementor-element elementor-element-a722f70 e-con-full e-flex e-con e-child\" data-id=\"a722f70\" data-element_type=\"container\" data-e-type=\"container\">\n\t\t\t\t<div class=\"elementor-element elementor-element-07df97f elementor-widget elementor-widget-image\" data-id=\"07df97f\" data-element_type=\"widget\" data-e-type=\"widget\" data-widget_type=\"image.default\">\n\t\t\t\t\t\t\t\t\t\t\t\t\t\t\t<img decoding=\"async\" width=\"640\" height=\"427\" src=\"https:\/\/guiabytes.com\/wp-content\/uploads\/2025\/09\/ga6961f7b8428f1a8bac0de90547b0ebe0b867efb66e7d2174db12558199c534c193877b9e9aad151a69cf2c2508a48e24ad7aa1263c099779d75ba7a6416ddd6_1280-4237764-1024x683.jpg\" class=\"attachment-large size-large wp-image-2296\" alt=\"maps, google maps, navigation, maps app, map, location, traffic, pointer, route, brown google, brown map, google maps, google maps, google maps, google maps, google maps\" srcset=\"https:\/\/guiabytes.com\/wp-content\/uploads\/2025\/09\/ga6961f7b8428f1a8bac0de90547b0ebe0b867efb66e7d2174db12558199c534c193877b9e9aad151a69cf2c2508a48e24ad7aa1263c099779d75ba7a6416ddd6_1280-4237764-1024x683.jpg 1024w, https:\/\/guiabytes.com\/wp-content\/uploads\/2025\/09\/ga6961f7b8428f1a8bac0de90547b0ebe0b867efb66e7d2174db12558199c534c193877b9e9aad151a69cf2c2508a48e24ad7aa1263c099779d75ba7a6416ddd6_1280-4237764-300x200.jpg 300w, https:\/\/guiabytes.com\/wp-content\/uploads\/2025\/09\/ga6961f7b8428f1a8bac0de90547b0ebe0b867efb66e7d2174db12558199c534c193877b9e9aad151a69cf2c2508a48e24ad7aa1263c099779d75ba7a6416ddd6_1280-4237764-768x512.jpg 768w, https:\/\/guiabytes.com\/wp-content\/uploads\/2025\/09\/ga6961f7b8428f1a8bac0de90547b0ebe0b867efb66e7d2174db12558199c534c193877b9e9aad151a69cf2c2508a48e24ad7aa1263c099779d75ba7a6416ddd6_1280-4237764-930x620.jpg 930w, https:\/\/guiabytes.com\/wp-content\/uploads\/2025\/09\/ga6961f7b8428f1a8bac0de90547b0ebe0b867efb66e7d2174db12558199c534c193877b9e9aad151a69cf2c2508a48e24ad7aa1263c099779d75ba7a6416ddd6_1280-4237764-600x400.jpg 600w, https:\/\/guiabytes.com\/wp-content\/uploads\/2025\/09\/ga6961f7b8428f1a8bac0de90547b0ebe0b867efb66e7d2174db12558199c534c193877b9e9aad151a69cf2c2508a48e24ad7aa1263c099779d75ba7a6416ddd6_1280-4237764.jpg 1280w\" sizes=\"(max-width: 640px) 100vw, 640px\" \/>\t\t\t\t\t\t\t\t\t\t\t\t\t\t\t<\/div>\n\t\t\t\t<div class=\"elementor-element elementor-element-039e3e2 elementor-widget elementor-widget-hfe-infocard\" data-id=\"039e3e2\" data-element_type=\"widget\" data-e-type=\"widget\" data-widget_type=\"hfe-infocard.default\">\n\t\t\t\t<div class=\"elementor-widget-container\">\n\t\t\t\t\t\n\t\t<div class=\"hfe-infocard\">\n\t\t\t\t\t\t\t\t\t<div class=\"hfe-infocard-title-wrap\">\n\t\t\t\t<h5 class=\"hfe-infocard-title elementor-inline-editing\" data-elementor-setting-key=\"infocard_title\" data-elementor-inline-editing-toolbar=\"basic\" >Adaptaci\u00f3n Multiling\u00fce<\/h5>\t\t\t<\/div>\n\t\t\t\t\t\t<div class=\"hfe-infocard-text-wrap\">\n\t\t\t\t<div class=\"hfe-infocard-text elementor-inline-editing\" data-elementor-setting-key=\"infocard_description\" data-elementor-inline-editing-toolbar=\"advanced\">\n\t\t\t\t\tTraducci\u00f3n y localizaci\u00f3n de guiones para diversos p\u00fablicos, garantizando la precisi\u00f3n cultural y ling\u00fc\u00edstica.\t\t\t\t<\/div>\n\t\t\t\t\t\t\t<\/div>\n\t\t<\/div>\n\n\t\t\t\t\t\t<\/div>\n\t\t\t\t<\/div>\n\t\t\t\t<\/div>\n\t\t<div class=\"elementor-element elementor-element-78f6d94 e-con-full e-flex e-con e-child\" data-id=\"78f6d94\" data-element_type=\"container\" data-e-type=\"container\">\n\t\t\t\t<div class=\"elementor-element elementor-element-4befabd elementor-widget elementor-widget-image\" data-id=\"4befabd\" data-element_type=\"widget\" data-e-type=\"widget\" data-widget_type=\"image.default\">\n\t\t\t\t\t\t\t\t\t\t\t\t\t\t\t<img loading=\"lazy\" decoding=\"async\" width=\"640\" height=\"426\" src=\"https:\/\/guiabytes.com\/wp-content\/uploads\/2025\/09\/g1828d8d36171524a097cf4142b53a07be2b9c0e9172d0fbbc77b076a189b52d7b58636db13aac6df0941a64a4ce05ec0994a6aae78d3bcd4ef807adbcc91fa0d_1280-8293816-1024x682.jpg\" class=\"attachment-large size-large wp-image-2302\" alt=\"phone, mobile, repair, technology, cellphone, technician, tool, service, equipment, electronic, smartphone, industry, wireless, broken, disassembled, screwdriver, damage, device, repair technician\" srcset=\"https:\/\/guiabytes.com\/wp-content\/uploads\/2025\/09\/g1828d8d36171524a097cf4142b53a07be2b9c0e9172d0fbbc77b076a189b52d7b58636db13aac6df0941a64a4ce05ec0994a6aae78d3bcd4ef807adbcc91fa0d_1280-8293816-1024x682.jpg 1024w, https:\/\/guiabytes.com\/wp-content\/uploads\/2025\/09\/g1828d8d36171524a097cf4142b53a07be2b9c0e9172d0fbbc77b076a189b52d7b58636db13aac6df0941a64a4ce05ec0994a6aae78d3bcd4ef807adbcc91fa0d_1280-8293816-300x200.jpg 300w, https:\/\/guiabytes.com\/wp-content\/uploads\/2025\/09\/g1828d8d36171524a097cf4142b53a07be2b9c0e9172d0fbbc77b076a189b52d7b58636db13aac6df0941a64a4ce05ec0994a6aae78d3bcd4ef807adbcc91fa0d_1280-8293816-768x512.jpg 768w, https:\/\/guiabytes.com\/wp-content\/uploads\/2025\/09\/g1828d8d36171524a097cf4142b53a07be2b9c0e9172d0fbbc77b076a189b52d7b58636db13aac6df0941a64a4ce05ec0994a6aae78d3bcd4ef807adbcc91fa0d_1280-8293816-930x620.jpg 930w, https:\/\/guiabytes.com\/wp-content\/uploads\/2025\/09\/g1828d8d36171524a097cf4142b53a07be2b9c0e9172d0fbbc77b076a189b52d7b58636db13aac6df0941a64a4ce05ec0994a6aae78d3bcd4ef807adbcc91fa0d_1280-8293816-600x400.jpg 600w, https:\/\/guiabytes.com\/wp-content\/uploads\/2025\/09\/g1828d8d36171524a097cf4142b53a07be2b9c0e9172d0fbbc77b076a189b52d7b58636db13aac6df0941a64a4ce05ec0994a6aae78d3bcd4ef807adbcc91fa0d_1280-8293816.jpg 1280w\" sizes=\"(max-width: 640px) 100vw, 640px\" \/>\t\t\t\t\t\t\t\t\t\t\t\t\t\t\t<\/div>\n\t\t\t\t<div class=\"elementor-element elementor-element-e8f64fa elementor-widget elementor-widget-hfe-infocard\" data-id=\"e8f64fa\" data-element_type=\"widget\" data-e-type=\"widget\" data-widget_type=\"hfe-infocard.default\">\n\t\t\t\t<div class=\"elementor-widget-container\">\n\t\t\t\t\t\n\t\t<div class=\"hfe-infocard\">\n\t\t\t\t\t\t\t\t\t<div class=\"hfe-infocard-title-wrap\">\n\t\t\t\t<h5 class=\"hfe-infocard-title elementor-inline-editing\" data-elementor-setting-key=\"infocard_title\" data-elementor-inline-editing-toolbar=\"basic\" >Asesor\u00eda T\u00e9cnica<\/h5>\t\t\t<\/div>\n\t\t\t\t\t\t<div class=\"hfe-infocard-text-wrap\">\n\t\t\t\t<div class=\"hfe-infocard-text elementor-inline-editing\" data-elementor-setting-key=\"infocard_description\" data-elementor-inline-editing-toolbar=\"advanced\">\n\t\t\t\t\tConsultor\u00eda para la implementaci\u00f3n t\u00e9cnica de los guiones en diferentes plataformas y sistemas de reproducci\u00f3n.\t\t\t\t<\/div>\n\t\t\t\t\t\t\t<\/div>\n\t\t<\/div>\n\n\t\t\t\t\t\t<\/div>\n\t\t\t\t<\/div>\n\t\t\t\t<\/div>\n\t\t\t\t\t<\/div>\n\t\t\t\t<\/div>\n\t\t\t\t<section class=\"elementor-section elementor-top-section elementor-element elementor-element-bp8h1qi elementor-section-boxed elementor-section-height-default elementor-section-height-default\" data-id=\"bp8h1qi\" data-element_type=\"section\" data-e-type=\"section\">\n\t\t\t\t\t\t<div class=\"elementor-container elementor-column-gap-no\">\n\t\t\t\t\t<div class=\"elementor-column elementor-col-100 elementor-top-column elementor-element elementor-element-17a7be6\" data-id=\"17a7be6\" data-element_type=\"column\" data-e-type=\"column\">\n\t\t\t<div class=\"elementor-widget-wrap elementor-element-populated\">\n\t\t\t\t\t\t<div class=\"elementor-element elementor-element-31ebd81 elementor-widget elementor-widget-heading\" data-id=\"31ebd81\" data-element_type=\"widget\" data-e-type=\"widget\" data-widget_type=\"heading.default\">\n\t\t\t\t\t<h2 class=\"elementor-heading-title elementor-size-default\">Nuestro Proceso <\/h2>\t\t\t\t<\/div>\n\t\t\t\t<div class=\"elementor-element elementor-element-a8a5b11 elementor-widget elementor-widget-text-editor\" data-id=\"a8a5b11\" data-element_type=\"widget\" data-e-type=\"widget\" data-widget_type=\"text-editor.default\">\n\t\t\t\t\t\t\t\t\t<p>Creaci\u00f3n de guiones para recorridos auto guiados\u00a0<\/p>\t\t\t\t\t\t\t\t<\/div>\n\t\t<div class=\"elementor-element elementor-element-7969b08 e-flex e-con-boxed e-con e-parent\" data-id=\"7969b08\" data-element_type=\"container\" data-e-type=\"container\">\n\t\t\t\t\t<div class=\"e-con-inner\">\n\t\t\t\t<div class=\"elementor-element elementor-element-95952d5 elementor-widget elementor-widget-text-editor\" data-id=\"95952d5\" data-element_type=\"widget\" data-e-type=\"widget\" data-widget_type=\"text-editor.default\">\n\t\t\t\t\t\t\t\t\t<h3>1. Consulta Inicial<\/h3><p class=\"ds-markdown-paragraph\">Analizamos tus necesidades, objetivos y p\u00fablico objetivo para definir el enfoque del proyecto.<\/p><h3>2. Investigaci\u00f3n<\/h3><p class=\"ds-markdown-paragraph\">Recopilamos y verificamos informaci\u00f3n relevante sobre los contenidos a desarrollar.<\/p><h3>3. Desarrollo del Guion<\/h3><p class=\"ds-markdown-paragraph\">Elaboramos la narrativa, estructura y contenidos adaptados a tu sistema y audiencia.<\/p><h3>4. Revisi\u00f3n y Ajustes<\/h3><p class=\"ds-markdown-paragraph\">Incorporamos tus comentarios y realizamos los ajustes necesarios para perfeccionar el resultado.<\/p><h3>5. Entrega Final<\/h3><p class=\"ds-markdown-paragraph\">Proporcionamos los guiones en los formatos requeridos para su implementaci\u00f3n inmediata.<\/p>\t\t\t\t\t\t\t\t<\/div>\n\t\t\t\t\t<\/div>\n\t\t\t\t<\/div>\n\t\t\t\t\t<\/div>\n\t\t<\/div>\n\t\t\t\t\t<\/div>\n\t\t<\/section>\n\t\t<div class=\"elementor-element elementor-element-qmc8zqw e-flex e-con-boxed e-con e-parent\" data-id=\"qmc8zqw\" data-element_type=\"container\" data-e-type=\"container\" data-settings=\"{&quot;background_background&quot;:&quot;classic&quot;}\">\n\t\t\t\t\t<div class=\"e-con-inner\">\n\t\t<div class=\"elementor-element elementor-element-6e0acd9 e-con-full e-flex e-con e-child\" data-id=\"6e0acd9\" data-element_type=\"container\" data-e-type=\"container\">\n\t\t\t\t<div class=\"elementor-element elementor-element-5999f25 elementor-widget elementor-widget-heading\" data-id=\"5999f25\" data-element_type=\"widget\" data-e-type=\"widget\" data-widget_type=\"heading.default\">\n\t\t\t\t\t<h3 class=\"elementor-heading-title elementor-size-default\">Lugares<\/h3>\t\t\t\t<\/div>\n\t\t\t\t<div class=\"elementor-element elementor-element-4e6cf4f elementor-widget-divider--view-line elementor-widget elementor-widget-divider\" data-id=\"4e6cf4f\" data-element_type=\"widget\" data-e-type=\"widget\" data-widget_type=\"divider.default\">\n\t\t\t\t\t\t\t<div class=\"elementor-divider\">\n\t\t\t<span class=\"elementor-divider-separator\">\n\t\t\t\t\t\t<\/span>\n\t\t<\/div>\n\t\t\t\t\t\t<\/div>\n\t\t\t\t<div class=\"elementor-element elementor-element-59a4da9 elementor-widget elementor-widget-text-editor\" data-id=\"59a4da9\" data-element_type=\"widget\" data-e-type=\"widget\" data-widget_type=\"text-editor.default\">\n\t\t\t\t\t\t\t\t\t<p>Guiones que enriquecen la experiencia muse\u00edstica, proporcionando contexto hist\u00f3rico, an\u00e9cdotas y detalles sobre las exhibiciones..<\/p>\t\t\t\t\t\t\t\t<\/div>\n\t\t\t\t<div class=\"elementor-element elementor-element-4c3d5eb elementor-icon-list--layout-traditional elementor-list-item-link-full_width elementor-widget elementor-widget-icon-list\" data-id=\"4c3d5eb\" data-element_type=\"widget\" data-e-type=\"widget\" data-widget_type=\"icon-list.default\">\n\t\t\t\t\t\t\t<ul class=\"elementor-icon-list-items\">\n\t\t\t\t\t\t\t<li class=\"elementor-icon-list-item\">\n\t\t\t\t\t\t\t\t\t\t\t<span class=\"elementor-icon-list-icon\">\n\t\t\t\t\t\t\t<svg aria-hidden=\"true\" class=\"e-font-icon-svg e-fas-mosque\" viewbox=\"0 0 640 512\" xmlns=\"http:\/\/www.w3.org\/2000\/svg\"><path d=\"M0 480c0 17.67 14.33 32 32 32h64c17.67 0 32-14.33 32-32V160H0v320zm579.16-192c17.86-17.39 28.84-37.34 28.84-58.91 0-52.86-41.79-93.79-87.92-122.9-41.94-26.47-80.63-57.77-111.96-96.22L400 0l-8.12 9.97c-31.33 38.45-70.01 69.76-111.96 96.22C233.79 135.3 192 176.23 192 229.09c0 21.57 10.98 41.52 28.84 58.91h358.32zM608 320H192c-17.67 0-32 14.33-32 32v128c0 17.67 14.33 32 32 32h32v-64c0-17.67 14.33-32 32-32s32 14.33 32 32v64h64v-72c0-48 48-72 48-72s48 24 48 72v72h64v-64c0-17.67 14.33-32 32-32s32 14.33 32 32v64h32c17.67 0 32-14.33 32-32V352c0-17.67-14.33-32-32-32zM64 0S0 32 0 96v32h128V96c0-64-64-96-64-96z\"><\/path><\/svg>\t\t\t\t\t\t<\/span>\n\t\t\t\t\t\t\t\t\t\t<span class=\"elementor-icon-list-text\">Museos y Galer\u00edas<\/span>\n\t\t\t\t\t\t\t\t\t<\/li>\n\t\t\t\t\t\t\t\t<li class=\"elementor-icon-list-item\">\n\t\t\t\t\t\t\t\t\t\t\t<span class=\"elementor-icon-list-icon\">\n\t\t\t\t\t\t\t<svg aria-hidden=\"true\" class=\"e-font-icon-svg e-fas-place-of-worship\" viewbox=\"0 0 640 512\" xmlns=\"http:\/\/www.w3.org\/2000\/svg\"><path d=\"M620.61 366.55L512 320v192h112c8.84 0 16-7.16 16-16V395.96a32 32 0 0 0-19.39-29.41zM0 395.96V496c0 8.84 7.16 16 16 16h112V320L19.39 366.55A32 32 0 0 0 0 395.96zm464.46-149.28L416 217.6V102.63c0-8.49-3.37-16.62-9.38-22.63L331.31 4.69c-6.25-6.25-16.38-6.25-22.62 0L233.38 80c-6 6-9.38 14.14-9.38 22.63V217.6l-48.46 29.08A31.997 31.997 0 0 0 160 274.12V512h96v-96c0-35.35 28.66-64 64-64s64 28.65 64 64v96h96V274.12c0-11.24-5.9-21.66-15.54-27.44z\"><\/path><\/svg>\t\t\t\t\t\t<\/span>\n\t\t\t\t\t\t\t\t\t\t<span class=\"elementor-icon-list-text\">Recorridos Hist\u00f3ricos<\/span>\n\t\t\t\t\t\t\t\t\t<\/li>\n\t\t\t\t\t\t\t\t<li class=\"elementor-icon-list-item\">\n\t\t\t\t\t\t\t\t\t\t\t<span class=\"elementor-icon-list-icon\">\n\t\t\t\t\t\t\t<svg aria-hidden=\"true\" class=\"e-font-icon-svg e-fas-mountain\" viewbox=\"0 0 640 512\" xmlns=\"http:\/\/www.w3.org\/2000\/svg\"><path d=\"M634.92 462.7l-288-448C341.03 5.54 330.89 0 320 0s-21.03 5.54-26.92 14.7l-288 448a32.001 32.001 0 0 0-1.17 32.64A32.004 32.004 0 0 0 32 512h576c11.71 0 22.48-6.39 28.09-16.67a31.983 31.983 0 0 0-1.17-32.63zM320 91.18L405.39 224H320l-64 64-38.06-38.06L320 91.18z\"><\/path><\/svg>\t\t\t\t\t\t<\/span>\n\t\t\t\t\t\t\t\t\t\t<span class=\"elementor-icon-list-text\">Parques Naturales<\/span>\n\t\t\t\t\t\t\t\t\t<\/li>\n\t\t\t\t\t\t<\/ul>\n\t\t\t\t\t\t<\/div>\n\t\t\t\t<\/div>\n\t\t\t\t\t<\/div>\n\t\t\t\t<\/div>\n\t\t\t\t<\/div>","protected":false},"excerpt":{"rendered":"<p>Creaci\u00f3n de Guiones Guiones Profesionales para Recorridos Auto guiados. Transformamos espacios en experiencias memorables a trav\u00e9s de narrativas cautivadoras para audio gu\u00edas y mapas interactivos. Guiones para Audiogu\u00edas Desarrollamos narrativas atractivas y bien investigadas para sistemas de audiogu\u00edas en museos, exposiciones, sitios hist\u00f3ricos y recorridos tur\u00edsticos Contenido para Mapas Interactivos Creamos textos descriptivos, historias contextuales<\/p>","protected":false},"author":1,"featured_media":0,"parent":0,"menu_order":0,"comment_status":"closed","ping_status":"closed","template":"","meta":{"_uag_custom_page_level_css":"","solace_meta_sidebar":"","solace_meta_container":"","solace_meta_enable_content_width":"","solace_meta_content_width":0,"solace_meta_title_alignment":"","solace_meta_author_avatar":"","solace_post_elements_order":"","solace_meta_disable_header":"","solace_meta_disable_footer":"","solace_meta_disable_title":"","_joinchat":[],"footnotes":""},"class_list":["post-1866","page","type-page","status-publish","hentry"],"aioseo_notices":[],"uagb_featured_image_src":{"full":false,"thumbnail":false,"medium":false,"medium_large":false,"large":false,"1536x1536":false,"2048x2048":false,"trp-custom-language-flag":false,"solace-single2":false,"solace-single-default":false,"solace-default-blog":false,"solace-related-posts":false,"solace-wc-shop-layout3-layout4-layout6":false,"solace-blog":false,"woocommerce_thumbnail":false,"woocommerce_single":false,"woocommerce_gallery_thumbnail":false},"uagb_author_info":{"display_name":"fabiobellorestrepo@gmail.com","author_link":"https:\/\/guiabytes.com\/en\/author\/fabiobellorestrepogmail-com\/"},"uagb_comment_info":0,"uagb_excerpt":"Creaci\u00f3n de Guiones Guiones Profesionales para Recorridos Auto guiados. Transformamos espacios en experiencias memorables a trav\u00e9s de narrativas cautivadoras para audio gu\u00edas y mapas interactivos. Guiones para Audiogu\u00edas Desarrollamos narrativas atractivas y bien investigadas para sistemas de audiogu\u00edas en museos, exposiciones, sitios hist\u00f3ricos y recorridos tur\u00edsticos Contenido para Mapas Interactivos Creamos textos descriptivos, historias contextuales","_links":{"self":[{"href":"https:\/\/guiabytes.com\/en\/wp-json\/wp\/v2\/pages\/1866","targetHints":{"allow":["GET"]}}],"collection":[{"href":"https:\/\/guiabytes.com\/en\/wp-json\/wp\/v2\/pages"}],"about":[{"href":"https:\/\/guiabytes.com\/en\/wp-json\/wp\/v2\/types\/page"}],"author":[{"embeddable":true,"href":"https:\/\/guiabytes.com\/en\/wp-json\/wp\/v2\/users\/1"}],"replies":[{"embeddable":true,"href":"https:\/\/guiabytes.com\/en\/wp-json\/wp\/v2\/comments?post=1866"}],"version-history":[{"count":19,"href":"https:\/\/guiabytes.com\/en\/wp-json\/wp\/v2\/pages\/1866\/revisions"}],"predecessor-version":[{"id":2305,"href":"https:\/\/guiabytes.com\/en\/wp-json\/wp\/v2\/pages\/1866\/revisions\/2305"}],"wp:attachment":[{"href":"https:\/\/guiabytes.com\/en\/wp-json\/wp\/v2\/media?parent=1866"}],"curies":[{"name":"wp","href":"https:\/\/api.w.org\/{rel}","templated":true}]}}