{"id":2051,"date":"2025-08-27T14:40:49","date_gmt":"2025-08-27T14:40:49","guid":{"rendered":"https:\/\/guiabytes.com\/?page_id=2051"},"modified":"2025-09-16T14:26:57","modified_gmt":"2025-09-16T14:26:57","slug":"aliados","status":"publish","type":"page","link":"https:\/\/guiabytes.com\/en\/aliados\/","title":{"rendered":"Aliados"},"content":{"rendered":"<div data-elementor-type=\"wp-page\" data-elementor-id=\"2051\" class=\"elementor elementor-2051\">\n\t\t\t\t<div class=\"elementor-element elementor-element-bns0vak e-flex e-con-boxed e-con e-parent\" data-id=\"bns0vak\" data-element_type=\"container\" data-e-type=\"container\" data-settings=\"{&quot;background_background&quot;:&quot;classic&quot;}\">\n\t\t\t\t\t<div class=\"e-con-inner\">\n\t\t\t\t<div class=\"elementor-element elementor-element-8ab47fb elementor-widget elementor-widget-heading\" data-id=\"8ab47fb\" data-element_type=\"widget\" data-e-type=\"widget\" data-widget_type=\"heading.default\">\n\t\t\t\t\t<h1 class=\"elementor-heading-title elementor-size-default\">Somos m\u00e1s fuertes cuando estamos unidos...<\/h1>\t\t\t\t<\/div>\n\t\t\t\t<div class=\"elementor-element elementor-element-f0a0684 elementor-align-center elementor-widget elementor-widget-button\" data-id=\"f0a0684\" data-element_type=\"widget\" data-e-type=\"widget\" data-widget_type=\"button.default\">\n\t\t\t\t\t\t\t\t\t\t<a class=\"elementor-button elementor-button-link elementor-size-sm\" href=\"#\">\n\t\t\t\t\t\t<span class=\"elementor-button-content-wrapper\">\n\t\t\t\t\t\t\t\t\t<span class=\"elementor-button-text\">Get Started<\/span>\n\t\t\t\t\t<\/span>\n\t\t\t\t\t<\/a>\n\t\t\t\t\t\t\t\t<\/div>\n\t\t\t\t\t<\/div>\n\t\t\t\t<\/div>\n\t\t<div class=\"elementor-element elementor-element-mq1av4z e-flex e-con-boxed e-con e-parent\" data-id=\"mq1av4z\" data-element_type=\"container\" data-e-type=\"container\" data-settings=\"{&quot;background_background&quot;:&quot;classic&quot;}\">\n\t\t\t\t\t<div class=\"e-con-inner\">\n\t\t\t\t<div class=\"elementor-element elementor-element-d74406d elementor-widget elementor-widget-heading\" data-id=\"d74406d\" data-element_type=\"widget\" data-e-type=\"widget\" data-widget_type=\"heading.default\">\n\t\t\t\t\t<h4 class=\"elementor-heading-title elementor-size-default\">Nuestros <\/h4>\t\t\t\t<\/div>\n\t\t\t\t<div class=\"elementor-element elementor-element-3493908 elementor-widget elementor-widget-heading\" data-id=\"3493908\" data-element_type=\"widget\" data-e-type=\"widget\" data-widget_type=\"heading.default\">\n\t\t\t\t\t<h2 class=\"elementor-heading-title elementor-size-default\">Convenios y Aliados<\/h2>\t\t\t\t<\/div>\n\t\t\t\t<div class=\"elementor-element elementor-element-d04b682 elementor-widget-divider--view-line elementor-widget elementor-widget-divider\" data-id=\"d04b682\" data-element_type=\"widget\" data-e-type=\"widget\" data-widget_type=\"divider.default\">\n\t\t\t\t\t\t\t<div class=\"elementor-divider\">\n\t\t\t<span class=\"elementor-divider-separator\">\n\t\t\t\t\t\t<\/span>\n\t\t<\/div>\n\t\t\t\t\t\t<\/div>\n\t\t<div class=\"elementor-element elementor-element-829cbec e-con-full e-flex e-con e-child\" data-id=\"829cbec\" data-element_type=\"container\" data-e-type=\"container\">\n\t\t<div class=\"elementor-element elementor-element-1d10e89 e-con-full e-flex e-con e-child\" data-id=\"1d10e89\" data-element_type=\"container\" data-e-type=\"container\">\n\t\t\t\t<div class=\"elementor-element elementor-element-10aa031 elementor-widget elementor-widget-image\" data-id=\"10aa031\" data-element_type=\"widget\" data-e-type=\"widget\" data-widget_type=\"image.default\">\n\t\t\t\t\t\t\t\t\t\t\t\t\t\t\t<img decoding=\"async\" width=\"186\" height=\"190\" src=\"https:\/\/guiabytes.com\/wp-content\/uploads\/2025\/08\/Logo-Tropical-Roots.jpg\" class=\"attachment-full size-full wp-image-2019\" alt=\"\" \/>\t\t\t\t\t\t\t\t\t\t\t\t\t\t\t<\/div>\n\t\t\t\t<div class=\"elementor-element elementor-element-ba22480 elementor-widget elementor-widget-image-box\" data-id=\"ba22480\" data-element_type=\"widget\" data-e-type=\"widget\" data-widget_type=\"image-box.default\">\n\t\t\t\t\t<div class=\"elementor-image-box-wrapper\"><div class=\"elementor-image-box-content\"><h3 class=\"elementor-image-box-title\">Tropical Roots <\/h3><p class=\"elementor-image-box-description\">Entidad sin \u00e1nimo de lucro colombiana dedicada a la promoci\u00f3n de la sostenibilidad en el tr\u00f3pico a trav\u00e9s de la ciencia.<\/p><\/div><\/div>\t\t\t\t<\/div>\n\t\t\t\t<\/div>\n\t\t<div class=\"elementor-element elementor-element-5018adf e-con-full e-flex e-con e-child\" data-id=\"5018adf\" data-element_type=\"container\" data-e-type=\"container\">\n\t\t\t\t<div class=\"elementor-element elementor-element-4b33bfd elementor-widget elementor-widget-image\" data-id=\"4b33bfd\" data-element_type=\"widget\" data-e-type=\"widget\" data-widget_type=\"image.default\">\n\t\t\t\t\t\t\t\t\t\t\t\t\t\t\t<img fetchpriority=\"high\" decoding=\"async\" width=\"901\" height=\"1500\" src=\"https:\/\/guiabytes.com\/wp-content\/uploads\/2025\/08\/3-home.jpg\" class=\"attachment-full size-full wp-image-2055\" alt=\"\" srcset=\"https:\/\/guiabytes.com\/wp-content\/uploads\/2025\/08\/3-home.jpg 901w, https:\/\/guiabytes.com\/wp-content\/uploads\/2025\/08\/3-home-180x300.jpg 180w, https:\/\/guiabytes.com\/wp-content\/uploads\/2025\/08\/3-home-615x1024.jpg 615w, https:\/\/guiabytes.com\/wp-content\/uploads\/2025\/08\/3-home-768x1279.jpg 768w, https:\/\/guiabytes.com\/wp-content\/uploads\/2025\/08\/3-home-600x999.jpg 600w\" sizes=\"(max-width: 901px) 100vw, 901px\" \/>\t\t\t\t\t\t\t\t\t\t\t\t\t\t\t<\/div>\n\t\t\t\t<div class=\"elementor-element elementor-element-e51abdd elementor-widget elementor-widget-image-box\" data-id=\"e51abdd\" data-element_type=\"widget\" data-e-type=\"widget\" data-widget_type=\"image-box.default\">\n\t\t\t\t\t<div class=\"elementor-image-box-wrapper\"><div class=\"elementor-image-box-content\"><h3 class=\"elementor-image-box-title\">Graphic Design<\/h3><p class=\"elementor-image-box-description\">Focus on how you can help and benefit your user. Use simple words to avoid confusion.<\/p><\/div><\/div>\t\t\t\t<\/div>\n\t\t\t\t<\/div>\n\t\t<div class=\"elementor-element elementor-element-ce0f821 e-con-full e-flex e-con e-child\" data-id=\"ce0f821\" data-element_type=\"container\" data-e-type=\"container\">\n\t\t\t\t<div class=\"elementor-element elementor-element-b281300 elementor-widget elementor-widget-image\" data-id=\"b281300\" data-element_type=\"widget\" data-e-type=\"widget\" data-widget_type=\"image.default\">\n\t\t\t\t\t\t\t\t\t\t\t\t\t\t\t<img decoding=\"async\" width=\"901\" height=\"1500\" src=\"https:\/\/guiabytes.com\/wp-content\/uploads\/2025\/08\/4-home.jpg\" class=\"attachment-full size-full wp-image-2056\" alt=\"\" srcset=\"https:\/\/guiabytes.com\/wp-content\/uploads\/2025\/08\/4-home.jpg 901w, https:\/\/guiabytes.com\/wp-content\/uploads\/2025\/08\/4-home-180x300.jpg 180w, https:\/\/guiabytes.com\/wp-content\/uploads\/2025\/08\/4-home-615x1024.jpg 615w, https:\/\/guiabytes.com\/wp-content\/uploads\/2025\/08\/4-home-768x1279.jpg 768w, https:\/\/guiabytes.com\/wp-content\/uploads\/2025\/08\/4-home-600x999.jpg 600w\" sizes=\"(max-width: 901px) 100vw, 901px\" \/>\t\t\t\t\t\t\t\t\t\t\t\t\t\t\t<\/div>\n\t\t\t\t<div class=\"elementor-element elementor-element-28d4c4a elementor-widget elementor-widget-image-box\" data-id=\"28d4c4a\" data-element_type=\"widget\" data-e-type=\"widget\" data-widget_type=\"image-box.default\">\n\t\t\t\t\t<div class=\"elementor-image-box-wrapper\"><div class=\"elementor-image-box-content\"><h3 class=\"elementor-image-box-title\">Content Creation<\/h3><p class=\"elementor-image-box-description\">Focus on how you can help and benefit your user. Use simple words to avoid confusion.<\/p><\/div><\/div>\t\t\t\t<\/div>\n\t\t\t\t<\/div>\n\t\t\t\t<\/div>\n\t\t\t\t\t<\/div>\n\t\t\t\t<\/div>\n\t\t<div class=\"elementor-element elementor-element-e0qqpk8 e-flex e-con-boxed e-con e-parent\" data-id=\"e0qqpk8\" data-element_type=\"container\" data-e-type=\"container\" data-settings=\"{&quot;background_background&quot;:&quot;classic&quot;}\">\n\t\t\t\t\t<div class=\"e-con-inner\">\n\t\t\t\t<div class=\"elementor-element elementor-element-cf4fa2e elementor-widget elementor-widget-image\" data-id=\"cf4fa2e\" data-element_type=\"widget\" data-e-type=\"widget\" data-widget_type=\"image.default\">\n\t\t\t\t\t\t\t\t\t\t\t\t\t\t\t<img loading=\"lazy\" decoding=\"async\" width=\"150\" height=\"150\" src=\"https:\/\/guiabytes.com\/wp-content\/uploads\/2025\/08\/5-home.jpg\" class=\"attachment-thumbnail size-thumbnail wp-image-2057\" alt=\"\" \/>\t\t\t\t\t\t\t\t\t\t\t\t\t\t\t<\/div>\n\t\t\t\t<div class=\"elementor-element elementor-element-f65c1fa elementor-widget elementor-widget-heading\" data-id=\"f65c1fa\" data-element_type=\"widget\" data-e-type=\"widget\" data-widget_type=\"heading.default\">\n\t\t\t\t\t<h4 class=\"elementor-heading-title elementor-size-default\">Ruth A. Flora<\/h4>\t\t\t\t<\/div>\n\t\t\t\t<div class=\"elementor-element elementor-element-da855e7 elementor-widget-divider--separator-type-pattern elementor-widget-divider--view-line elementor-widget elementor-widget-divider\" data-id=\"da855e7\" data-element_type=\"widget\" data-e-type=\"widget\" data-widget_type=\"divider.default\">\n\t\t\t\t\t\t\t<div class=\"elementor-divider\" style=\"--divider-pattern-url: url(&quot;data:image\/svg+xml,%3Csvg xmlns=&#039;http:\/\/www.w3.org\/2000\/svg&#039; preserveAspectRatio=&#039;none&#039; overflow=&#039;visible&#039; height=&#039;100%&#039; viewBox=&#039;0 0 24 24&#039; fill=&#039;black&#039; stroke=&#039;none&#039;%3E%3Cpath d=&#039;M12.7,2.3c-0.4-0.4-1.1-0.4-1.5,0l-8,9.1c-0.3,0.4-0.3,0.9,0,1.2l8,9.1c0.4,0.4,1.1,0.4,1.5,0l8-9.1c0.3-0.4,0.3-0.9,0-1.2L12.7,2.3z&#039;\/%3E%3C\/svg%3E&quot;);\">\n\t\t\t<span class=\"elementor-divider-separator\">\n\t\t\t\t\t\t<\/span>\n\t\t<\/div>\n\t\t\t\t\t\t<\/div>\n\t\t\t\t<div class=\"elementor-element elementor-element-a1928a9 elementor-widget elementor-widget-heading\" data-id=\"a1928a9\" data-element_type=\"widget\" data-e-type=\"widget\" data-widget_type=\"heading.default\">\n\t\t\t\t\t<h3 class=\"elementor-heading-title elementor-size-default\">You can showcase a client review here. Make it nice and short, then use this button to send them to your reviews or services page.<\/h3>\t\t\t\t<\/div>\n\t\t\t\t<div class=\"elementor-element elementor-element-985f9d6 elementor-align-center elementor-widget elementor-widget-button\" data-id=\"985f9d6\" data-element_type=\"widget\" data-e-type=\"widget\" data-widget_type=\"button.default\">\n\t\t\t\t\t\t\t\t\t\t<a class=\"elementor-button elementor-button-link elementor-size-sm\" href=\"#\">\n\t\t\t\t\t\t<span class=\"elementor-button-content-wrapper\">\n\t\t\t\t\t\t\t\t\t<span class=\"elementor-button-text\">What My Clients Say<\/span>\n\t\t\t\t\t<\/span>\n\t\t\t\t\t<\/a>\n\t\t\t\t\t\t\t\t<\/div>\n\t\t\t\t\t<\/div>\n\t\t\t\t<\/div>\n\t\t<div class=\"elementor-element elementor-element-e28yq3l e-flex e-con-boxed e-con e-parent\" data-id=\"e28yq3l\" data-element_type=\"container\" data-e-type=\"container\" data-settings=\"{&quot;background_background&quot;:&quot;classic&quot;}\">\n\t\t\t\t\t<div class=\"e-con-inner\">\n\t\t<div class=\"elementor-element elementor-element-b211560 e-con-full e-flex e-con e-child\" data-id=\"b211560\" data-element_type=\"container\" data-e-type=\"container\">\n\t\t\t\t<div class=\"elementor-element elementor-element-8de8d3f elementor-widget-mobile__width-inherit elementor-widget elementor-widget-image\" data-id=\"8de8d3f\" data-element_type=\"widget\" data-e-type=\"widget\" data-widget_type=\"image.default\">\n\t\t\t\t\t\t\t\t\t\t\t\t\t\t\t<img loading=\"lazy\" decoding=\"async\" width=\"860\" height=\"1280\" src=\"https:\/\/guiabytes.com\/wp-content\/uploads\/2025\/08\/6-home.jpg\" class=\"attachment-full size-full wp-image-2058\" alt=\"\" srcset=\"https:\/\/guiabytes.com\/wp-content\/uploads\/2025\/08\/6-home.jpg 860w, https:\/\/guiabytes.com\/wp-content\/uploads\/2025\/08\/6-home-202x300.jpg 202w, https:\/\/guiabytes.com\/wp-content\/uploads\/2025\/08\/6-home-688x1024.jpg 688w, https:\/\/guiabytes.com\/wp-content\/uploads\/2025\/08\/6-home-768x1143.jpg 768w, https:\/\/guiabytes.com\/wp-content\/uploads\/2025\/08\/6-home-600x893.jpg 600w\" sizes=\"(max-width: 860px) 100vw, 860px\" \/>\t\t\t\t\t\t\t\t\t\t\t\t\t\t\t<\/div>\n\t\t\t\t<div class=\"elementor-element elementor-element-1ed5c44 elementor-hidden-tablet elementor-hidden-mobile elementor-widget elementor-widget-heading\" data-id=\"1ed5c44\" data-element_type=\"widget\" data-e-type=\"widget\" data-widget_type=\"heading.default\">\n\t\t\t\t\t<h4 class=\"elementor-heading-title elementor-size-default\">Dragos Andrei Atudorei<\/h4>\t\t\t\t<\/div>\n\t\t\t\t<div class=\"elementor-element elementor-element-1151cd0 elementor-hidden-tablet elementor-hidden-mobile elementor-widget elementor-widget-heading\" data-id=\"1151cd0\" data-element_type=\"widget\" data-e-type=\"widget\" data-widget_type=\"heading.default\">\n\t\t\t\t\t<h5 class=\"elementor-heading-title elementor-size-default\">WordPress Content Creator<\/h5>\t\t\t\t<\/div>\n\t\t\t\t<div class=\"elementor-element elementor-element-253f9a5 elementor-hidden-tablet elementor-hidden-mobile elementor-widget elementor-widget-heading\" data-id=\"253f9a5\" data-element_type=\"widget\" data-e-type=\"widget\" data-widget_type=\"heading.default\">\n\t\t\t\t\t<h5 class=\"elementor-heading-title elementor-size-default\">Certified Web Designer<\/h5>\t\t\t\t<\/div>\n\t\t\t\t<div class=\"elementor-element elementor-element-236d622 elementor-hidden-tablet elementor-hidden-mobile elementor-widget elementor-widget-heading\" data-id=\"236d622\" data-element_type=\"widget\" data-e-type=\"widget\" data-widget_type=\"heading.default\">\n\t\t\t\t\t<h5 class=\"elementor-heading-title elementor-size-default\">Incurable Perfectionist<\/h5>\t\t\t\t<\/div>\n\t\t\t\t<\/div>\n\t\t<div class=\"elementor-element elementor-element-191b7a3 e-con-full e-flex e-con e-child\" data-id=\"191b7a3\" data-element_type=\"container\" data-e-type=\"container\">\n\t\t\t\t<div class=\"elementor-element elementor-element-9971c24 elementor-widget-tablet__width-inherit elementor-hidden-tablet elementor-hidden-mobile elementor-widget elementor-widget-heading\" data-id=\"9971c24\" data-element_type=\"widget\" data-e-type=\"widget\" data-widget_type=\"heading.default\">\n\t\t\t\t\t<h6 class=\"elementor-heading-title elementor-size-default\">WELCOME!<\/h6>\t\t\t\t<\/div>\n\t\t\t\t<div class=\"elementor-element elementor-element-1cd6dec elementor-widget elementor-widget-heading\" data-id=\"1cd6dec\" data-element_type=\"widget\" data-e-type=\"widget\" data-widget_type=\"heading.default\">\n\t\t\t\t\t<h2 class=\"elementor-heading-title elementor-size-default\">My name is Andrei and I am the creator of this template.<\/h2>\t\t\t\t<\/div>\n\t\t\t\t<div class=\"elementor-element elementor-element-80c47dd elementor-widget elementor-widget-text-editor\" data-id=\"80c47dd\" data-element_type=\"widget\" data-e-type=\"widget\" data-widget_type=\"text-editor.default\">\n\t\t\t\t\t\t\t\t\tI gave it my all to make this the best design to start from. <strong>I named it Hope<\/strong>, in honor of my client who inspired me to make it &#8211; her middle name is Hope.\t\t\t\t\t\t\t\t<\/div>\n\t\t\t\t<div class=\"elementor-element elementor-element-831c204 elementor-widget elementor-widget-text-editor\" data-id=\"831c204\" data-element_type=\"widget\" data-e-type=\"widget\" data-widget_type=\"text-editor.default\">\n\t\t\t\t\t\t\t\t\t<p>For the first section at the top of the page, I recommend writing something that will <strong>pique the interest<\/strong> of your target audience. Make them <em>curious<\/em> to read more!<\/p>\t\t\t\t\t\t\t\t<\/div>\n\t\t\t\t<div class=\"elementor-element elementor-element-0f06356 elementor-widget elementor-widget-text-editor\" data-id=\"0f06356\" data-element_type=\"widget\" data-e-type=\"widget\" data-widget_type=\"text-editor.default\">\n\t\t\t\t\t\t\t\t\tThese middle sections are the perfect place to introduce yourself, and to perhaps start introducing <strong>your services<\/strong>.\t\t\t\t\t\t\t\t<\/div>\n\t\t\t\t<div class=\"elementor-element elementor-element-35505af elementor-widget elementor-widget-text-editor\" data-id=\"35505af\" data-element_type=\"widget\" data-e-type=\"widget\" data-widget_type=\"text-editor.default\">\n\t\t\t\t\t\t\t\t\tThe last section below is great for a call to action.\t\t\t\t\t\t\t\t<\/div>\n\t\t<div class=\"elementor-element elementor-element-bc919fd e-flex e-con-boxed e-con e-child\" data-id=\"bc919fd\" data-element_type=\"container\" data-e-type=\"container\">\n\t\t\t\t\t<div class=\"e-con-inner\">\n\t\t\t\t<div class=\"elementor-element elementor-element-df6b864 elementor-align-center elementor-mobile-align-justify elementor-widget-mobile__width-inherit elementor-widget-tablet__width-auto elementor-tablet-align-left elementor-widget elementor-widget-button\" data-id=\"df6b864\" data-element_type=\"widget\" data-e-type=\"widget\" data-widget_type=\"button.default\">\n\t\t\t\t\t\t\t\t\t\t<a class=\"elementor-button elementor-button-link elementor-size-sm\" href=\"\/en\/services\/\">\n\t\t\t\t\t\t<span class=\"elementor-button-content-wrapper\">\n\t\t\t\t\t\t\t\t\t<span class=\"elementor-button-text\">See My Services<\/span>\n\t\t\t\t\t<\/span>\n\t\t\t\t\t<\/a>\n\t\t\t\t\t\t\t\t<\/div>\n\t\t\t\t<div class=\"elementor-element elementor-element-2919fa9 elementor-align-center elementor-mobile-align-justify elementor-widget-mobile__width-inherit elementor-widget-tablet__width-auto elementor-tablet-align-left elementor-widget elementor-widget-button\" data-id=\"2919fa9\" data-element_type=\"widget\" data-e-type=\"widget\" data-widget_type=\"button.default\">\n\t\t\t\t\t\t\t\t\t\t<a class=\"elementor-button elementor-button-link elementor-size-sm\" href=\"\/en\/about\/\">\n\t\t\t\t\t\t<span class=\"elementor-button-content-wrapper\">\n\t\t\t\t\t\t\t\t\t<span class=\"elementor-button-text\">More About Me<\/span>\n\t\t\t\t\t<\/span>\n\t\t\t\t\t<\/a>\n\t\t\t\t\t\t\t\t<\/div>\n\t\t\t\t\t<\/div>\n\t\t\t\t<\/div>\n\t\t\t\t<\/div>\n\t\t\t\t\t<\/div>\n\t\t\t\t<\/div>\n\t\t<div class=\"elementor-element elementor-element-89yp6rp e-flex e-con-boxed e-con e-parent\" data-id=\"89yp6rp\" data-element_type=\"container\" data-e-type=\"container\" data-settings=\"{&quot;background_background&quot;:&quot;classic&quot;}\">\n\t\t\t\t\t<div class=\"e-con-inner\">\n\t\t\t\t<div class=\"elementor-element elementor-element-2beaf0f elementor-widget elementor-widget-heading\" data-id=\"2beaf0f\" data-element_type=\"widget\" data-e-type=\"widget\" data-widget_type=\"heading.default\">\n\t\t\t\t\t<h2 class=\"elementor-heading-title elementor-size-default\">Insert a call to action<\/h2>\t\t\t\t<\/div>\n\t\t\t\t<div class=\"elementor-element elementor-element-bbbdec4 elementor-widget elementor-widget-heading\" data-id=\"bbbdec4\" data-element_type=\"widget\" data-e-type=\"widget\" data-widget_type=\"heading.default\">\n\t\t\t\t\t<h3 class=\"elementor-heading-title elementor-size-default\">Think of what you want your visitor to do next. Maybe they should contact you?<\/h3>\t\t\t\t<\/div>\n\t\t\t\t<div class=\"elementor-element elementor-element-17af642 elementor-align-center elementor-widget elementor-widget-button\" data-id=\"17af642\" data-element_type=\"widget\" data-e-type=\"widget\" data-widget_type=\"button.default\">\n\t\t\t\t\t\t\t\t\t\t<a class=\"elementor-button elementor-button-link elementor-size-sm\" href=\"\/en\/contact\/\">\n\t\t\t\t\t\t<span class=\"elementor-button-content-wrapper\">\n\t\t\t\t\t\t\t\t\t<span class=\"elementor-button-text\">Get In Touch<\/span>\n\t\t\t\t\t<\/span>\n\t\t\t\t\t<\/a>\n\t\t\t\t\t\t\t\t<\/div>\n\t\t\t\t\t<\/div>\n\t\t\t\t<\/div>\n\t\t\t\t<\/div>","protected":false},"excerpt":{"rendered":"<p>Somos m\u00e1s fuertes cuando estamos unidos&#8230; Get Started Nuestros Convenios y Aliados Tropical Roots Entidad sin \u00e1nimo de lucro colombiana dedicada a la promoci\u00f3n de la sostenibilidad en el tr\u00f3pico a trav\u00e9s de la ciencia. Graphic Design Focus on how you can help and benefit your user. Use simple words to avoid confusion. Content Creation<\/p>","protected":false},"author":1,"featured_media":0,"parent":0,"menu_order":0,"comment_status":"closed","ping_status":"closed","template":"","meta":{"_uag_custom_page_level_css":"","solace_meta_sidebar":"","solace_meta_container":"","solace_meta_enable_content_width":"","solace_meta_content_width":0,"solace_meta_title_alignment":"","solace_meta_author_avatar":"","solace_post_elements_order":"","solace_meta_disable_header":"","solace_meta_disable_footer":"","solace_meta_disable_title":"","_joinchat":[],"footnotes":""},"class_list":["post-2051","page","type-page","status-publish","hentry"],"aioseo_notices":[],"uagb_featured_image_src":{"full":false,"thumbnail":false,"medium":false,"medium_large":false,"large":false,"1536x1536":false,"2048x2048":false,"trp-custom-language-flag":false,"solace-single2":false,"solace-single-default":false,"solace-default-blog":false,"solace-related-posts":false,"solace-wc-shop-layout3-layout4-layout6":false,"solace-blog":false,"woocommerce_thumbnail":false,"woocommerce_single":false,"woocommerce_gallery_thumbnail":false},"uagb_author_info":{"display_name":"fabiobellorestrepo@gmail.com","author_link":"https:\/\/guiabytes.com\/en\/author\/fabiobellorestrepogmail-com\/"},"uagb_comment_info":0,"uagb_excerpt":"Somos m\u00e1s fuertes cuando estamos unidos&#8230; Get Started Nuestros Convenios y Aliados Tropical Roots Entidad sin \u00e1nimo de lucro colombiana dedicada a la promoci\u00f3n de la sostenibilidad en el tr\u00f3pico a trav\u00e9s de la ciencia. Graphic Design Focus on how you can help and benefit your user. Use simple words to avoid confusion. Content Creation","_links":{"self":[{"href":"https:\/\/guiabytes.com\/en\/wp-json\/wp\/v2\/pages\/2051","targetHints":{"allow":["GET"]}}],"collection":[{"href":"https:\/\/guiabytes.com\/en\/wp-json\/wp\/v2\/pages"}],"about":[{"href":"https:\/\/guiabytes.com\/en\/wp-json\/wp\/v2\/types\/page"}],"author":[{"embeddable":true,"href":"https:\/\/guiabytes.com\/en\/wp-json\/wp\/v2\/users\/1"}],"replies":[{"embeddable":true,"href":"https:\/\/guiabytes.com\/en\/wp-json\/wp\/v2\/comments?post=2051"}],"version-history":[{"count":7,"href":"https:\/\/guiabytes.com\/en\/wp-json\/wp\/v2\/pages\/2051\/revisions"}],"predecessor-version":[{"id":2356,"href":"https:\/\/guiabytes.com\/en\/wp-json\/wp\/v2\/pages\/2051\/revisions\/2356"}],"wp:attachment":[{"href":"https:\/\/guiabytes.com\/en\/wp-json\/wp\/v2\/media?parent=2051"}],"curies":[{"name":"wp","href":"https:\/\/api.w.org\/{rel}","templated":true}]}}